{"id":488,"date":"2024-01-30T14:43:42","date_gmt":"2024-01-30T13:43:42","guid":{"rendered":"https:\/\/nordic.hr\/?page_id=488"},"modified":"2024-07-03T16:43:49","modified_gmt":"2024-07-03T14:43:49","slug":"kalote","status":"publish","type":"page","link":"https:\/\/nordic.hr\/sl\/kalote\/","title":{"rendered":"Kalote"},"content":{"rendered":"<div data-elementor-type=\"wp-page\" data-elementor-id=\"488\" class=\"elementor elementor-488\" data-elementor-post-type=\"page\">\n\t\t\t\t\t\t<section class=\"elementor-section elementor-top-section elementor-element elementor-element-e083286 elementor-section-height-min-height elementor-section-boxed elementor-section-height-default elementor-section-items-middle\" data-id=\"e083286\" data-element_type=\"section\" data-settings=\"{&quot;background_background&quot;:&quot;classic&quot;}\">\n\t\t\t\t\t\t\t<div class=\"elementor-background-overlay\"><\/div>\n\t\t\t\t\t\t\t<div class=\"elementor-container elementor-column-gap-default\">\n\t\t\t\t\t<div class=\"elementor-column elementor-col-100 elementor-top-column elementor-element elementor-element-659c4940\" data-id=\"659c4940\" data-element_type=\"column\">\n\t\t\t<div class=\"elementor-widget-wrap elementor-element-populated\">\n\t\t\t\t\t\t<div class=\"elementor-element elementor-element-41559fb0 elementor-widget elementor-widget-heading\" data-id=\"41559fb0\" data-element_type=\"widget\" data-widget_type=\"heading.default\">\n\t\t\t\t<div class=\"elementor-widget-container\">\n\t\t\t<h2 class=\"elementor-heading-title elementor-size-default\">Kalote<\/h2>\t\t<\/div>\n\t\t\t\t<\/div>\n\t\t\t\t\t<\/div>\n\t\t<\/div>\n\t\t\t\t\t<\/div>\n\t\t<\/section>\n\t\t\t\t<section class=\"elementor-section elementor-top-section elementor-element elementor-element-3b7995cb elementor-section-boxed elementor-section-height-default elementor-section-height-default\" data-id=\"3b7995cb\" data-element_type=\"section\">\n\t\t\t\t\t\t<div class=\"elementor-container elementor-column-gap-default\">\n\t\t\t\t\t<div class=\"elementor-column elementor-col-50 elementor-top-column elementor-element elementor-element-112e50bd\" data-id=\"112e50bd\" data-element_type=\"column\">\n\t\t\t<div class=\"elementor-widget-wrap elementor-element-populated\">\n\t\t\t\t\t\t<div class=\"elementor-element elementor-element-7b4de477 elementor-widget elementor-widget-heading\" data-id=\"7b4de477\" data-element_type=\"widget\" data-widget_type=\"heading.default\">\n\t\t\t\t<div class=\"elementor-widget-container\">\n\t\t\t<h2 class=\"elementor-heading-title elementor-size-default\">Informacije<\/h2>\t\t<\/div>\n\t\t\t\t<\/div>\n\t\t\t\t<div class=\"elementor-element elementor-element-24938d87 elementor-widget elementor-widget-text-editor\" data-id=\"24938d87\" data-element_type=\"widget\" data-widget_type=\"text-editor.default\">\n\t\t\t\t<div class=\"elementor-widget-container\">\n\t\t\t\t\t\t\t<p>Rider-calot je nov izdelek v na\u0161em proizvodnem in prodajnem asortimanu.<br \/>To je element, ki je nepogre\u0161ljiv pri name\u0161\u010danju sendvi\u010d plo\u0161\u010d in se zelo pogosto uporablja pri name\u0161\u010danju razli\u010dnih vrst trapezoidov in drugih pokrovnih listov.<\/p><p>Izdelujemo kalote razli\u010dnih dimenzij, primerne za pritrditev pokrovnih plo\u0161\u010d razli\u010dnih valovnih vi\u0161in. Prva slika ozna\u010duje notranjo \u0161irino kalotte, tj. \u0161irino vala, na katerem se nabira, medtem ko druga slika ozna\u010duje kot, ki ga zapre.<\/p><p>Ustvarimo lahko kalotte naslednjih specifikacij:<br \/>18\/18, 22\/26, 24\/26, 27\/36, 32\/24, 32\/26, 32\/36, 32\/44<\/p>\t\t\t\t\t\t<\/div>\n\t\t\t\t<\/div>\n\t\t\t\t<div class=\"elementor-element elementor-element-aadfe16 elementor-widget elementor-widget-button\" data-id=\"aadfe16\" data-element_type=\"widget\" data-widget_type=\"button.default\">\n\t\t\t\t<div class=\"elementor-widget-container\">\n\t\t\t\t\t<div class=\"elementor-button-wrapper\">\n\t\t\t<a class=\"elementor-button elementor-button-link elementor-size-sm\" href=\"https:\/\/nordic.hr\/sl\/kontakt\/\">\n\t\t\t\t\t\t<span class=\"elementor-button-content-wrapper\">\n\t\t\t\t\t\t<span class=\"elementor-button-text\">Po\u0161ljite povpra\u0161evanje<\/span>\n\t\t<\/span>\n\t\t\t\t\t<\/a>\n\t\t<\/div>\n\t\t\t\t<\/div>\n\t\t\t\t<\/div>\n\t\t\t\t\t<\/div>\n\t\t<\/div>\n\t\t\t\t<div class=\"elementor-column elementor-col-50 elementor-top-column elementor-element elementor-element-4f8f736\" data-id=\"4f8f736\" data-element_type=\"column\">\n\t\t\t<div class=\"elementor-widget-wrap elementor-element-populated\">\n\t\t\t\t\t\t<div class=\"elementor-element elementor-element-a2af67c elementor-widget elementor-widget-image\" data-id=\"a2af67c\" data-element_type=\"widget\" data-widget_type=\"image.default\">\n\t\t\t\t<div class=\"elementor-widget-container\">\n\t\t\t\t\t\t\t\t\t\t\t\t\t<img fetchpriority=\"high\" decoding=\"async\" width=\"800\" height=\"600\" src=\"https:\/\/nordic.hr\/wp-content\/uploads\/2024\/01\/kalota.jpg\" class=\"attachment-large size-large wp-image-450\" alt=\"\" srcset=\"https:\/\/nordic.hr\/wp-content\/uploads\/2024\/01\/kalota.jpg 800w, https:\/\/nordic.hr\/wp-content\/uploads\/2024\/01\/kalota-300x225.jpg 300w, https:\/\/nordic.hr\/wp-content\/uploads\/2024\/01\/kalota-768x576.jpg 768w\" sizes=\"(max-width: 800px) 100vw, 800px\" \/>\t\t\t\t\t\t\t\t\t\t\t\t\t<\/div>\n\t\t\t\t<\/div>\n\t\t\t\t\t<\/div>\n\t\t<\/div>\n\t\t\t\t\t<\/div>\n\t\t<\/section>\n\t\t\t\t<\/div>","protected":false},"excerpt":{"rendered":"<p>Information Rider \u2013 Calotte je nov izdelek v na\u0161em proizvodnem in prodajnem asortimanu.To je izdelek, ki je nepogre\u0161ljiv pri name\u0161\u010danju sendvi\u010d plo\u0161\u010d in se zelo pogosto uporablja pri name\u0161\u010danju razli\u010dnih vrst trapezoidov in drugih pokrovnih listov. Izdelujemo kalote razli\u010dnih dimenzij, primerne za pritrditev pokrovnih plo\u0161\u010d razli\u010dnih valovnih vi\u0161in. Prva slika ozna\u010duje notranjo \u0161irino kalotta, tj. \u0161irino vala [...]<\/p>","protected":false},"author":1,"featured_media":0,"parent":0,"menu_order":0,"comment_status":"closed","ping_status":"closed","template":"elementor_header_footer","meta":{"footnotes":""},"yoast_head":"<!-- This site is optimized with the Yoast SEO plugin v23.5 - https:\/\/yoast.com\/wordpress\/plugins\/seo\/ -->\n<title>Kalote - Nordic<\/title>\n<meta name=\"robots\" content=\"index, follow, max-snippet:-1, max-image-preview:large, max-video-preview:-1\" \/>\n<link rel=\"canonical\" href=\"https:\/\/nordic.hr\/sl\/kalote\/\" \/>\n<meta property=\"og:locale\" content=\"sl_SI\" \/>\n<meta property=\"og:type\" content=\"article\" \/>\n<meta property=\"og:title\" content=\"Kalote - Nordic\" \/>\n<meta property=\"og:description\" content=\"Informacije Jaha\u010d \u2013 kalota novi je artikal u na\u0161em proizvodno-prodajnom asorimanu.Radi se o artiklu koji je neizostavan prilikom monta\u017ee sandwich-panela, te se vrlo \u010desto koristi prilikom monta\u017ee razli\u010ditih vrsta trapeza i drugih pokrovnih limova. Proizvodimo kalote razli\u010ditih dimenzija odgovaraju\u0107e za pri\u010dvr\u0161\u0107ivanje pokrovnih limova raznih visina valova. Prva brojka ozna\u010dava unutarnju \u0161irinu kalote odnosno \u0161irinu vala [&hellip;]\" \/>\n<meta property=\"og:url\" content=\"https:\/\/nordic.hr\/sl\/kalote\/\" \/>\n<meta property=\"og:site_name\" content=\"Nordic\" \/>\n<meta property=\"article:modified_time\" content=\"2024-07-03T14:43:49+00:00\" \/>\n<meta property=\"og:image\" content=\"https:\/\/nordic.hr\/wp-content\/uploads\/2024\/01\/kalota.jpg\" \/>\n<meta name=\"twitter:card\" content=\"summary_large_image\" \/>\n<meta name=\"twitter:label1\" content=\"Est. reading time\" \/>\n\t<meta name=\"twitter:data1\" content=\"1 minuta\" \/>\n<script type=\"application\/ld+json\" class=\"yoast-schema-graph\">{\"@context\":\"https:\/\/schema.org\",\"@graph\":[{\"@type\":\"WebPage\",\"@id\":\"https:\/\/nordic.hr\/kalote\/\",\"url\":\"https:\/\/nordic.hr\/kalote\/\",\"name\":\"Kalote - Nordic\",\"isPartOf\":{\"@id\":\"https:\/\/nordic.hr\/#website\"},\"primaryImageOfPage\":{\"@id\":\"https:\/\/nordic.hr\/kalote\/#primaryimage\"},\"image\":{\"@id\":\"https:\/\/nordic.hr\/kalote\/#primaryimage\"},\"thumbnailUrl\":\"https:\/\/nordic.hr\/wp-content\/uploads\/2024\/01\/kalota.jpg\",\"datePublished\":\"2024-01-30T13:43:42+00:00\",\"dateModified\":\"2024-07-03T14:43:49+00:00\",\"breadcrumb\":{\"@id\":\"https:\/\/nordic.hr\/kalote\/#breadcrumb\"},\"inLanguage\":\"sl-SI\",\"potentialAction\":[{\"@type\":\"ReadAction\",\"target\":[\"https:\/\/nordic.hr\/kalote\/\"]}]},{\"@type\":\"ImageObject\",\"inLanguage\":\"sl-SI\",\"@id\":\"https:\/\/nordic.hr\/kalote\/#primaryimage\",\"url\":\"https:\/\/nordic.hr\/wp-content\/uploads\/2024\/01\/kalota.jpg\",\"contentUrl\":\"https:\/\/nordic.hr\/wp-content\/uploads\/2024\/01\/kalota.jpg\"},{\"@type\":\"BreadcrumbList\",\"@id\":\"https:\/\/nordic.hr\/kalote\/#breadcrumb\",\"itemListElement\":[{\"@type\":\"ListItem\",\"position\":1,\"name\":\"Po\u010detna stranica\",\"item\":\"https:\/\/nordic.hr\/naslovna\/\"},{\"@type\":\"ListItem\",\"position\":2,\"name\":\"Kalote\"}]},{\"@type\":\"WebSite\",\"@id\":\"https:\/\/nordic.hr\/#website\",\"url\":\"https:\/\/nordic.hr\/\",\"name\":\"Nordic\",\"description\":\"\",\"publisher\":{\"@id\":\"https:\/\/nordic.hr\/#organization\"},\"potentialAction\":[{\"@type\":\"SearchAction\",\"target\":{\"@type\":\"EntryPoint\",\"urlTemplate\":\"https:\/\/nordic.hr\/?s={search_term_string}\"},\"query-input\":{\"@type\":\"PropertyValueSpecification\",\"valueRequired\":true,\"valueName\":\"search_term_string\"}}],\"inLanguage\":\"sl-SI\"},{\"@type\":\"Organization\",\"@id\":\"https:\/\/nordic.hr\/#organization\",\"name\":\"Nordic\",\"url\":\"https:\/\/nordic.hr\/\",\"logo\":{\"@type\":\"ImageObject\",\"inLanguage\":\"sl-SI\",\"@id\":\"https:\/\/nordic.hr\/#\/schema\/logo\/image\/\",\"url\":\"https:\/\/nordic.hr\/wp-content\/uploads\/2024\/01\/Logo-2024.png\",\"contentUrl\":\"https:\/\/nordic.hr\/wp-content\/uploads\/2024\/01\/Logo-2024.png\",\"width\":1101,\"height\":285,\"caption\":\"Nordic\"},\"image\":{\"@id\":\"https:\/\/nordic.hr\/#\/schema\/logo\/image\/\"}}]}<\/script>\n<!-- \/ Yoast SEO plugin. -->","yoast_head_json":{"title":"Kalote - Nordic","robots":{"index":"index","follow":"follow","max-snippet":"max-snippet:-1","max-image-preview":"max-image-preview:large","max-video-preview":"max-video-preview:-1"},"canonical":"https:\/\/nordic.hr\/sl\/kalote\/","og_locale":"sl_SI","og_type":"article","og_title":"Kalote - Nordic","og_description":"Informacije Jaha\u010d \u2013 kalota novi je artikal u na\u0161em proizvodno-prodajnom asorimanu.Radi se o artiklu koji je neizostavan prilikom monta\u017ee sandwich-panela, te se vrlo \u010desto koristi prilikom monta\u017ee razli\u010ditih vrsta trapeza i drugih pokrovnih limova. Proizvodimo kalote razli\u010ditih dimenzija odgovaraju\u0107e za pri\u010dvr\u0161\u0107ivanje pokrovnih limova raznih visina valova. Prva brojka ozna\u010dava unutarnju \u0161irinu kalote odnosno \u0161irinu vala [&hellip;]","og_url":"https:\/\/nordic.hr\/sl\/kalote\/","og_site_name":"Nordic","article_modified_time":"2024-07-03T14:43:49+00:00","og_image":[{"url":"https:\/\/nordic.hr\/wp-content\/uploads\/2024\/01\/kalota.jpg"}],"twitter_card":"summary_large_image","twitter_misc":{"Est. reading time":"1 minuta"},"schema":{"@context":"https:\/\/schema.org","@graph":[{"@type":"WebPage","@id":"https:\/\/nordic.hr\/kalote\/","url":"https:\/\/nordic.hr\/kalote\/","name":"Kalote - Nordic","isPartOf":{"@id":"https:\/\/nordic.hr\/#website"},"primaryImageOfPage":{"@id":"https:\/\/nordic.hr\/kalote\/#primaryimage"},"image":{"@id":"https:\/\/nordic.hr\/kalote\/#primaryimage"},"thumbnailUrl":"https:\/\/nordic.hr\/wp-content\/uploads\/2024\/01\/kalota.jpg","datePublished":"2024-01-30T13:43:42+00:00","dateModified":"2024-07-03T14:43:49+00:00","breadcrumb":{"@id":"https:\/\/nordic.hr\/kalote\/#breadcrumb"},"inLanguage":"sl-SI","potentialAction":[{"@type":"ReadAction","target":["https:\/\/nordic.hr\/kalote\/"]}]},{"@type":"ImageObject","inLanguage":"sl-SI","@id":"https:\/\/nordic.hr\/kalote\/#primaryimage","url":"https:\/\/nordic.hr\/wp-content\/uploads\/2024\/01\/kalota.jpg","contentUrl":"https:\/\/nordic.hr\/wp-content\/uploads\/2024\/01\/kalota.jpg"},{"@type":"BreadcrumbList","@id":"https:\/\/nordic.hr\/kalote\/#breadcrumb","itemListElement":[{"@type":"ListItem","position":1,"name":"Po\u010detna stranica","item":"https:\/\/nordic.hr\/naslovna\/"},{"@type":"ListItem","position":2,"name":"Kalote"}]},{"@type":"WebSite","@id":"https:\/\/nordic.hr\/#website","url":"https:\/\/nordic.hr\/","name":"Nordic","description":"","publisher":{"@id":"https:\/\/nordic.hr\/#organization"},"potentialAction":[{"@type":"SearchAction","target":{"@type":"EntryPoint","urlTemplate":"https:\/\/nordic.hr\/?s={search_term_string}"},"query-input":{"@type":"PropertyValueSpecification","valueRequired":true,"valueName":"search_term_string"}}],"inLanguage":"sl-SI"},{"@type":"Organization","@id":"https:\/\/nordic.hr\/#organization","name":"Nordic","url":"https:\/\/nordic.hr\/","logo":{"@type":"ImageObject","inLanguage":"sl-SI","@id":"https:\/\/nordic.hr\/#\/schema\/logo\/image\/","url":"https:\/\/nordic.hr\/wp-content\/uploads\/2024\/01\/Logo-2024.png","contentUrl":"https:\/\/nordic.hr\/wp-content\/uploads\/2024\/01\/Logo-2024.png","width":1101,"height":285,"caption":"Nordic"},"image":{"@id":"https:\/\/nordic.hr\/#\/schema\/logo\/image\/"}}]}},"jetpack_sharing_enabled":true,"_links":{"self":[{"href":"https:\/\/nordic.hr\/sl\/wp-json\/wp\/v2\/pages\/488"}],"collection":[{"href":"https:\/\/nordic.hr\/sl\/wp-json\/wp\/v2\/pages"}],"about":[{"href":"https:\/\/nordic.hr\/sl\/wp-json\/wp\/v2\/types\/page"}],"author":[{"embeddable":true,"href":"https:\/\/nordic.hr\/sl\/wp-json\/wp\/v2\/users\/1"}],"replies":[{"embeddable":true,"href":"https:\/\/nordic.hr\/sl\/wp-json\/wp\/v2\/comments?post=488"}],"version-history":[{"count":19,"href":"https:\/\/nordic.hr\/sl\/wp-json\/wp\/v2\/pages\/488\/revisions"}],"predecessor-version":[{"id":531,"href":"https:\/\/nordic.hr\/sl\/wp-json\/wp\/v2\/pages\/488\/revisions\/531"}],"wp:attachment":[{"href":"https:\/\/nordic.hr\/sl\/wp-json\/wp\/v2\/media?parent=488"}],"curies":[{"name":"wp","href":"https:\/\/api.w.org\/{rel}","templated":true}]}}