{"id":3,"date":"2020-12-30T12:24:30","date_gmt":"2020-12-30T11:24:30","guid":{"rendered":"https:\/\/nordic.hr\/?page_id=3"},"modified":"2024-07-03T16:43:50","modified_gmt":"2024-07-03T14:43:50","slug":"pravila-privatnosti","status":"publish","type":"page","link":"https:\/\/nordic.hr\/sl\/pravila-privatnosti\/","title":{"rendered":"Pravilnik o zasebnosti"},"content":{"rendered":"<div data-elementor-type=\"wp-page\" data-elementor-id=\"3\" class=\"elementor elementor-3\" data-elementor-post-type=\"page\">\n\t\t\t\t\t\t<section class=\"elementor-section elementor-top-section elementor-element elementor-element-2b95fd36 elementor-section-boxed elementor-section-height-default elementor-section-height-default\" data-id=\"2b95fd36\" data-element_type=\"section\">\n\t\t\t\t\t\t<div class=\"elementor-container elementor-column-gap-default\">\n\t\t\t\t\t<div class=\"elementor-column elementor-col-100 elementor-top-column elementor-element elementor-element-543b1424\" data-id=\"543b1424\" data-element_type=\"column\">\n\t\t\t<div class=\"elementor-widget-wrap elementor-element-populated\">\n\t\t\t\t\t\t<div class=\"elementor-element elementor-element-54952a96 elementor-widget elementor-widget-heading\" data-id=\"54952a96\" data-element_type=\"widget\" data-widget_type=\"heading.default\">\n\t\t\t\t<div class=\"elementor-widget-container\">\n\t\t\t<h2 class=\"elementor-heading-title elementor-size-default\">Pravilnik o zasebnosti<\/h2>\t\t<\/div>\n\t\t\t\t<\/div>\n\t\t\t\t<div class=\"elementor-element elementor-element-68d1704a elementor-widget elementor-widget-text-editor\" data-id=\"68d1704a\" data-element_type=\"widget\" data-widget_type=\"text-editor.default\">\n\t\t\t\t<div class=\"elementor-widget-container\">\n\t\t\t\t\t\t\t<p><strong>Informacije, ki jih je treba zbrati<\/strong><br \/>Dostop do spletne strani nordic.hr je brezpla\u010den in registracija ni potrebna. \u010ce stopite v stik s kontaktnimi obrazci ali po elektronski po\u0161ti, izpolnite svoje podatke. Ti podatki so na voljo samo na nordic.hr, na katerega so naslovljeni za namene re\u0161evanja va\u0161e poizvedbe. Posredovanje va\u0161ih osebnih podatkov je prostovoljno. Ne obdelujemo ve\u010d osebnih podatkov, kot je resni\u010dno potrebno za odgovor na va\u0161e povpra\u0161evanje.<\/p><p><strong>ZA\u0160\u010cITA OSEBNIH PODATKOV<\/strong><br \/>Nordic.hr spo\u0161tuje va\u0161o zasebnost in obdeluje va\u0161e osebne podatke po\u0161teno in zakonito. Va\u0161e osebne podatke hranimo v elektronski obliki in za namene varstva uporabljamo ustrezne tehni\u010dne in organizacijske ukrepe za varstvo osebnih podatkov ter postopke za prepre\u010devanje dostopa do osebnih podatkov brez dovoljenja.<\/p><p><strong>PI\u0160KOTKI<\/strong><br \/>Spletna stran www.nordic.hr uporablja tako imenovane pi\u0161kotke (pi\u0161kotke). \u201epi\u0161kotki\u201c), da bi lahko uporabniku zagotovili storitev s polno funkcionalnostjo in najvi\u0161jo kakovostjo vsebine. Pi\u0161kotki so niz podatkov, ki jih ustvari stre\u017enik spletnega mesta in jih spletni brskalnik shrani na uporabnikov disk v obliki majhne besedilne datoteke. Nenehno si prizadevamo, da bi uporabnikom zagotovili najbolj\u0161o mo\u017eno uporabni\u0161ko izku\u0161njo, zato je treba opozoriti, da na\u0161e spletne strani delujejo optimalno le, \u010de so pi\u0161kotki omogo\u010deni. Za uporabo pi\u0161kotkov v skladu z Zakonom o elektronskih komunikacijah, Zakonom o varstvu osebnih podatkov in direktivami EU potrebujemo va\u0161e soglasje. Z uporabo te spletne strani sogla\u0161ate in sogla\u0161ate z uporabo pi\u0161kotkov. Z blokiranjem pi\u0161kotkov lahko \u0161e vedno brskate po spletnem mestu, vendar vam nekatere njegove funkcije ne bodo na voljo.<\/p><p><strong>VSEBINA Z DRUGIMI SPLETNIMI STRANI<\/strong><br \/>\u010clanki na tem spletnem mestu lahko vsebujejo vdelano vsebino (npr. videoposnetke, slike, \u010dlanke itd.). Vdelana vsebina z drugih spletnih mest se obna\u0161a enako, kot \u010de bi obiskovalec obiskal to drugo spletno mesto.<\/p><p><strong>ZA\u0160\u010cITNI UKREPI<\/strong><br \/>Nordic.hr uporablja tehnolo\u0161ke in varnostne ukrepe, pravila in druge postopke za za\u0161\u010dito osebnih podatkov uporabnikov tega spletnega mesta pred nepoobla\u0161\u010denim dostopom, zlorabo, razkritjem, izgubo ali uni\u010denjem. Da bi za\u0161\u010ditili zaupnost informacij o uporabnikih spletnega mesta, uporabljamo standardne varnostne ukrepe, kot sta po\u017earni zid in za\u0161\u010dita z geslom. Kljub temu je uporabnik dol\u017ean zagotoviti, da je ra\u010dunalnik, ki ga uporablja, tudi varen in za\u0161\u010diten pred zlonamerno programsko opremo, kot so trojanci, ra\u010dunalni\u0161ki virusi in \u010drvi. Uporabnik spletnega mesta se zaveda, da brez ustreznih varnostnih ukrepov (na primer varna konfiguracija internetnega brskalnika, posodobljeni protivirusni programi, osebni po\u017earni zidovi, neuporaba programov iz sumljivih virov) obstaja tveganje, da bodo podatki in gesla, ki se uporabljajo za prepre\u010devanje dostopa do osebnih podatkov, razkriti nepoobla\u0161\u010denim tretjim osebam.<\/p><p><strong>STATISTIKA POSLOVANJA<\/strong><br \/>Ta spletna stran uporablja vti\u010dnik Jetpack za merjenje statistike obiskovalcev.<\/p><p><strong>OMEJITEV ODGOVORNOSTI<\/strong><br \/>\u010ceprav sprejemamo razpolo\u017eljive tehni\u010dne in organizacijske ukrepe za prepre\u010devanje nepoobla\u0161\u010denega razkritja va\u0161ih osebnih podatkov, ne moremo zagotoviti, da nekateri osebni podatki, ki jih zbiramo, nikoli ne bodo pomotoma razkriti, kar je v nasprotju z dolo\u010dbami tega pravilnika o zasebnosti. V najve\u010djem obsegu, ki ga dovoljuje zakon, izklju\u010dujemo odgovornost za \u0161kodo, povzro\u010deno uporabnikom ali tretjim osebam zaradi naklju\u010dnega razkritja osebnih podatkov.<\/p>\t\t\t\t\t\t<\/div>\n\t\t\t\t<\/div>\n\t\t\t\t\t<\/div>\n\t\t<\/div>\n\t\t\t\t\t<\/div>\n\t\t<\/section>\n\t\t\t\t<\/div>","protected":false},"excerpt":{"rendered":"<p>Dostop do spletne strani nordic.hr je brezpla\u010den in registracija ni potrebna. \u010ce stopite v stik s kontaktnimi obrazci ali po elektronski po\u0161ti, izpolnite svoje podatke. Ti podatki so na voljo samo na nordic.hr, na katerega so naslovljeni za namene re\u0161evanja va\u0161e poizvedbe. Posredovanje va\u0161ih osebnih podatkov je prostovoljno. Ne obdelujemo ve\u010d osebnih podatkov, kot je resni\u010dno potrebno [...]<\/p>","protected":false},"author":1,"featured_media":0,"parent":0,"menu_order":0,"comment_status":"closed","ping_status":"closed","template":"elementor_header_footer","meta":{"footnotes":""},"yoast_head":"<!-- This site is optimized with the Yoast SEO plugin v23.5 - https:\/\/yoast.com\/wordpress\/plugins\/seo\/ -->\n<title>Nordic - Pravila privatnosti<\/title>\n<meta name=\"robots\" content=\"index, follow, max-snippet:-1, max-image-preview:large, max-video-preview:-1\" \/>\n<link rel=\"canonical\" href=\"https:\/\/nordic.hr\/sl\/pravila-privatnosti\/\" \/>\n<meta property=\"og:locale\" content=\"sl_SI\" \/>\n<meta property=\"og:type\" content=\"article\" \/>\n<meta property=\"og:title\" content=\"Nordic - Pravila privatnosti\" \/>\n<meta property=\"og:description\" content=\"Pravila privatnosti PODACI KOJE PRIKUPLJAMOPristup web stranici nordic.hr je slobodan i ne tra\u017ei se registracija. Kontaktiranjem putem kontakt-obrazaca ili elektroni\u010dkom po\u0161tom ispunjavate svoje podatke. Ti su podaci dostupni isklju\u010divo stranici nordic.hr kojima su upu\u0107eni u svrhu rje\u0161avanja va\u0161eg upita. Davanje va\u0161ih osobnih podataka je dobrovoljno. Ne obra\u0111ujemo vi\u0161e osobnih podataka no \u0161to je doista potrebno [&hellip;]\" \/>\n<meta property=\"og:url\" content=\"https:\/\/nordic.hr\/sl\/pravila-privatnosti\/\" \/>\n<meta property=\"og:site_name\" content=\"Nordic\" \/>\n<meta property=\"article:modified_time\" content=\"2024-07-03T14:43:50+00:00\" \/>\n<meta name=\"twitter:card\" content=\"summary_large_image\" \/>\n<meta name=\"twitter:label1\" content=\"Est. reading time\" \/>\n\t<meta name=\"twitter:data1\" content=\"6 minut\" \/>\n<script type=\"application\/ld+json\" class=\"yoast-schema-graph\">{\"@context\":\"https:\/\/schema.org\",\"@graph\":[{\"@type\":\"WebPage\",\"@id\":\"https:\/\/nordic.hr\/pravila-privatnosti\/\",\"url\":\"https:\/\/nordic.hr\/pravila-privatnosti\/\",\"name\":\"Nordic - Pravila privatnosti\",\"isPartOf\":{\"@id\":\"https:\/\/nordic.hr\/#website\"},\"datePublished\":\"2020-12-30T11:24:30+00:00\",\"dateModified\":\"2024-07-03T14:43:50+00:00\",\"breadcrumb\":{\"@id\":\"https:\/\/nordic.hr\/pravila-privatnosti\/#breadcrumb\"},\"inLanguage\":\"sl-SI\",\"potentialAction\":[{\"@type\":\"ReadAction\",\"target\":[\"https:\/\/nordic.hr\/pravila-privatnosti\/\"]}]},{\"@type\":\"BreadcrumbList\",\"@id\":\"https:\/\/nordic.hr\/pravila-privatnosti\/#breadcrumb\",\"itemListElement\":[{\"@type\":\"ListItem\",\"position\":1,\"name\":\"Po\u010detna stranica\",\"item\":\"https:\/\/nordic.hr\/naslovna\/\"},{\"@type\":\"ListItem\",\"position\":2,\"name\":\"Pravila privatnosti\"}]},{\"@type\":\"WebSite\",\"@id\":\"https:\/\/nordic.hr\/#website\",\"url\":\"https:\/\/nordic.hr\/\",\"name\":\"Nordic\",\"description\":\"\",\"publisher\":{\"@id\":\"https:\/\/nordic.hr\/#organization\"},\"potentialAction\":[{\"@type\":\"SearchAction\",\"target\":{\"@type\":\"EntryPoint\",\"urlTemplate\":\"https:\/\/nordic.hr\/?s={search_term_string}\"},\"query-input\":{\"@type\":\"PropertyValueSpecification\",\"valueRequired\":true,\"valueName\":\"search_term_string\"}}],\"inLanguage\":\"sl-SI\"},{\"@type\":\"Organization\",\"@id\":\"https:\/\/nordic.hr\/#organization\",\"name\":\"Nordic\",\"url\":\"https:\/\/nordic.hr\/\",\"logo\":{\"@type\":\"ImageObject\",\"inLanguage\":\"sl-SI\",\"@id\":\"https:\/\/nordic.hr\/#\/schema\/logo\/image\/\",\"url\":\"https:\/\/nordic.hr\/wp-content\/uploads\/2024\/01\/Logo-2024.png\",\"contentUrl\":\"https:\/\/nordic.hr\/wp-content\/uploads\/2024\/01\/Logo-2024.png\",\"width\":1101,\"height\":285,\"caption\":\"Nordic\"},\"image\":{\"@id\":\"https:\/\/nordic.hr\/#\/schema\/logo\/image\/\"}}]}<\/script>\n<!-- \/ Yoast SEO plugin. -->","yoast_head_json":{"title":"Nordic - Pravila privatnosti","robots":{"index":"index","follow":"follow","max-snippet":"max-snippet:-1","max-image-preview":"max-image-preview:large","max-video-preview":"max-video-preview:-1"},"canonical":"https:\/\/nordic.hr\/sl\/pravila-privatnosti\/","og_locale":"sl_SI","og_type":"article","og_title":"Nordic - Pravila privatnosti","og_description":"Pravila privatnosti PODACI KOJE PRIKUPLJAMOPristup web stranici nordic.hr je slobodan i ne tra\u017ei se registracija. Kontaktiranjem putem kontakt-obrazaca ili elektroni\u010dkom po\u0161tom ispunjavate svoje podatke. Ti su podaci dostupni isklju\u010divo stranici nordic.hr kojima su upu\u0107eni u svrhu rje\u0161avanja va\u0161eg upita. Davanje va\u0161ih osobnih podataka je dobrovoljno. Ne obra\u0111ujemo vi\u0161e osobnih podataka no \u0161to je doista potrebno [&hellip;]","og_url":"https:\/\/nordic.hr\/sl\/pravila-privatnosti\/","og_site_name":"Nordic","article_modified_time":"2024-07-03T14:43:50+00:00","twitter_card":"summary_large_image","twitter_misc":{"Est. reading time":"6 minut"},"schema":{"@context":"https:\/\/schema.org","@graph":[{"@type":"WebPage","@id":"https:\/\/nordic.hr\/pravila-privatnosti\/","url":"https:\/\/nordic.hr\/pravila-privatnosti\/","name":"Nordic - Pravila privatnosti","isPartOf":{"@id":"https:\/\/nordic.hr\/#website"},"datePublished":"2020-12-30T11:24:30+00:00","dateModified":"2024-07-03T14:43:50+00:00","breadcrumb":{"@id":"https:\/\/nordic.hr\/pravila-privatnosti\/#breadcrumb"},"inLanguage":"sl-SI","potentialAction":[{"@type":"ReadAction","target":["https:\/\/nordic.hr\/pravila-privatnosti\/"]}]},{"@type":"BreadcrumbList","@id":"https:\/\/nordic.hr\/pravila-privatnosti\/#breadcrumb","itemListElement":[{"@type":"ListItem","position":1,"name":"Po\u010detna stranica","item":"https:\/\/nordic.hr\/naslovna\/"},{"@type":"ListItem","position":2,"name":"Pravila privatnosti"}]},{"@type":"WebSite","@id":"https:\/\/nordic.hr\/#website","url":"https:\/\/nordic.hr\/","name":"Nordic","description":"","publisher":{"@id":"https:\/\/nordic.hr\/#organization"},"potentialAction":[{"@type":"SearchAction","target":{"@type":"EntryPoint","urlTemplate":"https:\/\/nordic.hr\/?s={search_term_string}"},"query-input":{"@type":"PropertyValueSpecification","valueRequired":true,"valueName":"search_term_string"}}],"inLanguage":"sl-SI"},{"@type":"Organization","@id":"https:\/\/nordic.hr\/#organization","name":"Nordic","url":"https:\/\/nordic.hr\/","logo":{"@type":"ImageObject","inLanguage":"sl-SI","@id":"https:\/\/nordic.hr\/#\/schema\/logo\/image\/","url":"https:\/\/nordic.hr\/wp-content\/uploads\/2024\/01\/Logo-2024.png","contentUrl":"https:\/\/nordic.hr\/wp-content\/uploads\/2024\/01\/Logo-2024.png","width":1101,"height":285,"caption":"Nordic"},"image":{"@id":"https:\/\/nordic.hr\/#\/schema\/logo\/image\/"}}]}},"jetpack_sharing_enabled":true,"_links":{"self":[{"href":"https:\/\/nordic.hr\/sl\/wp-json\/wp\/v2\/pages\/3"}],"collection":[{"href":"https:\/\/nordic.hr\/sl\/wp-json\/wp\/v2\/pages"}],"about":[{"href":"https:\/\/nordic.hr\/sl\/wp-json\/wp\/v2\/types\/page"}],"author":[{"embeddable":true,"href":"https:\/\/nordic.hr\/sl\/wp-json\/wp\/v2\/users\/1"}],"replies":[{"embeddable":true,"href":"https:\/\/nordic.hr\/sl\/wp-json\/wp\/v2\/comments?post=3"}],"version-history":[{"count":14,"href":"https:\/\/nordic.hr\/sl\/wp-json\/wp\/v2\/pages\/3\/revisions"}],"predecessor-version":[{"id":1462,"href":"https:\/\/nordic.hr\/sl\/wp-json\/wp\/v2\/pages\/3\/revisions\/1462"}],"wp:attachment":[{"href":"https:\/\/nordic.hr\/sl\/wp-json\/wp\/v2\/media?parent=3"}],"curies":[{"name":"wp","href":"https:\/\/api.w.org\/{rel}","templated":true}]}}