{"id":478,"date":"2024-01-30T14:41:50","date_gmt":"2024-01-30T13:41:50","guid":{"rendered":"https:\/\/nordic.hr\/?page_id=478"},"modified":"2024-07-03T16:43:49","modified_gmt":"2024-07-03T14:43:49","slug":"fasadni-trapezni-lim-t35","status":"publish","type":"page","link":"https:\/\/nordic.hr\/sk\/fasadni-trapezni-lim-t35\/","title":{"rendered":"Fas\u00e1dny lichobe\u017en\u00edkov\u00fd plech T35"},"content":{"rendered":"<div data-elementor-type=\"wp-page\" data-elementor-id=\"478\" class=\"elementor elementor-478\" data-elementor-post-type=\"page\">\n\t\t\t\t\t\t<section class=\"elementor-section elementor-top-section elementor-element elementor-element-48f89723 elementor-section-height-min-height elementor-section-boxed elementor-section-height-default elementor-section-items-middle\" data-id=\"48f89723\" data-element_type=\"section\" data-settings=\"{&quot;background_background&quot;:&quot;classic&quot;}\">\n\t\t\t\t\t\t\t<div class=\"elementor-background-overlay\"><\/div>\n\t\t\t\t\t\t\t<div class=\"elementor-container elementor-column-gap-default\">\n\t\t\t\t\t<div class=\"elementor-column elementor-col-100 elementor-top-column elementor-element elementor-element-3f359ae5\" data-id=\"3f359ae5\" data-element_type=\"column\">\n\t\t\t<div class=\"elementor-widget-wrap elementor-element-populated\">\n\t\t\t\t\t\t<div class=\"elementor-element elementor-element-144b90ba elementor-widget elementor-widget-heading\" data-id=\"144b90ba\" data-element_type=\"widget\" data-widget_type=\"heading.default\">\n\t\t\t\t<div class=\"elementor-widget-container\">\n\t\t\t<h2 class=\"elementor-heading-title elementor-size-default\">Fas\u00e1dny lichobe\u017en\u00edkov\u00fd plech T35<\/h2>\t\t<\/div>\n\t\t\t\t<\/div>\n\t\t\t\t\t<\/div>\n\t\t<\/div>\n\t\t\t\t\t<\/div>\n\t\t<\/section>\n\t\t\t\t<section class=\"elementor-section elementor-top-section elementor-element elementor-element-46e71a62 elementor-section-boxed elementor-section-height-default elementor-section-height-default\" data-id=\"46e71a62\" data-element_type=\"section\">\n\t\t\t\t\t\t<div class=\"elementor-container elementor-column-gap-default\">\n\t\t\t\t\t<div class=\"elementor-column elementor-col-50 elementor-top-column elementor-element elementor-element-7b53549f\" data-id=\"7b53549f\" data-element_type=\"column\">\n\t\t\t<div class=\"elementor-widget-wrap elementor-element-populated\">\n\t\t\t\t\t\t<div class=\"elementor-element elementor-element-7c79be52 elementor-widget elementor-widget-heading\" data-id=\"7c79be52\" data-element_type=\"widget\" data-widget_type=\"heading.default\">\n\t\t\t\t<div class=\"elementor-widget-container\">\n\t\t\t<h2 class=\"elementor-heading-title elementor-size-default\">Inform\u00e1cie<\/h2>\t\t<\/div>\n\t\t\t\t<\/div>\n\t\t\t\t<div class=\"elementor-element elementor-element-3a059928 elementor-widget elementor-widget-text-editor\" data-id=\"3a059928\" data-element_type=\"widget\" data-widget_type=\"text-editor.default\">\n\t\t\t\t<div class=\"elementor-widget-container\">\n\t\t\t\t\t\t\t<p>Stre\u0161n\u00e9 lichobe\u017en\u00edkov\u00e9 plechy, v\u00fd\u0161ka vlny 35 milimetrov, \u010dasto pou\u017e\u00edvan\u00e9 na pokrytie priemyseln\u00fdch budov, ale aj s\u00fakromn\u00fdch domov.<\/p><p>Architekti ho vysoko oce\u0148uj\u00fa v\u010faka jeho dobr\u00fdm technick\u00fdm vlastnostiam, ako je trvanlivos\u0165 a dobr\u00e1 nosnos\u0165.<\/p><p>Tie\u017e je ekonomicky ziskov\u00fd kv\u00f4li svojej u\u017eito\u010dnej \u0161\u00edrke 1000 mm. Ved\u013ea dosiek s\u00fa k dispoz\u00edcii podporn\u00e9 certifik\u00e1ty, nosn\u00e9 stoly, ako aj z\u00e1ruky.<\/p>\t\t\t\t\t\t<\/div>\n\t\t\t\t<\/div>\n\t\t\t\t<div class=\"elementor-element elementor-element-1474944d elementor-widget__width-auto elementor-widget-mobile__width-inherit elementor-hidden-mobile elementor-widget elementor-widget-button\" data-id=\"1474944d\" data-element_type=\"widget\" data-widget_type=\"button.default\">\n\t\t\t\t<div class=\"elementor-widget-container\">\n\t\t\t\t\t<div class=\"elementor-button-wrapper\">\n\t\t\t<a class=\"elementor-button elementor-button-link elementor-size-sm\" href=\"https:\/\/nordic.hr\/wp-content\/uploads\/2024\/07\/HRSAK-TEHNICKI-CRTEZI-5.pdf\" target=\"_blank\">\n\t\t\t\t\t\t<span class=\"elementor-button-content-wrapper\">\n\t\t\t\t\t\t<span class=\"elementor-button-text\">Technick\u00fd v\u00fdkres<\/span>\n\t\t<\/span>\n\t\t\t\t\t<\/a>\n\t\t<\/div>\n\t\t\t\t<\/div>\n\t\t\t\t<\/div>\n\t\t\t\t<div class=\"elementor-element elementor-element-2bd2166b elementor-widget__width-auto elementor-widget-mobile__width-inherit elementor-hidden-mobile elementor-widget elementor-widget-button\" data-id=\"2bd2166b\" data-element_type=\"widget\" data-widget_type=\"button.default\">\n\t\t\t\t<div class=\"elementor-widget-container\">\n\t\t\t\t\t<div class=\"elementor-button-wrapper\">\n\t\t\t<a class=\"elementor-button elementor-button-link elementor-size-sm\" href=\"https:\/\/nordic.hr\/sk\/kontakt\/\">\n\t\t\t\t\t\t<span class=\"elementor-button-content-wrapper\">\n\t\t\t\t\t\t<span class=\"elementor-button-text\">Odosla\u0165 dopyt<\/span>\n\t\t<\/span>\n\t\t\t\t\t<\/a>\n\t\t<\/div>\n\t\t\t\t<\/div>\n\t\t\t\t<\/div>\n\t\t\t\t\t<\/div>\n\t\t<\/div>\n\t\t\t\t<div class=\"elementor-column elementor-col-50 elementor-top-column elementor-element elementor-element-52a04f96\" data-id=\"52a04f96\" data-element_type=\"column\">\n\t\t\t<div class=\"elementor-widget-wrap elementor-element-populated\">\n\t\t\t\t\t\t<div class=\"elementor-element elementor-element-585e2032 elementor-widget elementor-widget-gallery\" data-id=\"585e2032\" data-element_type=\"widget\" data-settings=\"{&quot;columns&quot;:2,&quot;lazyload&quot;:&quot;yes&quot;,&quot;gallery_layout&quot;:&quot;grid&quot;,&quot;columns_tablet&quot;:2,&quot;columns_mobile&quot;:1,&quot;gap&quot;:{&quot;unit&quot;:&quot;px&quot;,&quot;size&quot;:10,&quot;sizes&quot;:[]},&quot;gap_tablet&quot;:{&quot;unit&quot;:&quot;px&quot;,&quot;size&quot;:10,&quot;sizes&quot;:[]},&quot;gap_mobile&quot;:{&quot;unit&quot;:&quot;px&quot;,&quot;size&quot;:10,&quot;sizes&quot;:[]},&quot;link_to&quot;:&quot;file&quot;,&quot;aspect_ratio&quot;:&quot;3:2&quot;,&quot;overlay_background&quot;:&quot;yes&quot;,&quot;content_hover_animation&quot;:&quot;fade-in&quot;}\" data-widget_type=\"gallery.default\">\n\t\t\t\t<div class=\"elementor-widget-container\">\n\t\t\t\t\t<div class=\"elementor-gallery__container\">\n\t\t\t\t\t\t\t<a class=\"e-gallery-item elementor-gallery-item elementor-animated-content\" href=\"https:\/\/nordic.hr\/wp-content\/uploads\/2024\/07\/5A-T35.png\" data-elementor-open-lightbox=\"yes\" data-elementor-lightbox-slideshow=\"585e2032\" data-elementor-lightbox-title=\"5A - T35\" data-e-action-hash=\"#elementor-action%3Aaction%3Dlightbox%26settings%3DeyJpZCI6MTgxNywidXJsIjoiaHR0cHM6XC9cL25vcmRpYy5oclwvd3AtY29udGVudFwvdXBsb2Fkc1wvMjAyNFwvMDdcLzVBLVQzNS5wbmciLCJzbGlkZXNob3ciOiI1ODVlMjAzMiJ9\">\n\t\t\t\t\t<div class=\"e-gallery-image elementor-gallery-item__image\" data-thumbnail=\"https:\/\/nordic.hr\/wp-content\/uploads\/2024\/07\/5A-T35.png\" data-width=\"1920\" data-height=\"1080\" aria-label=\"\" role=\"img\" ><\/div>\n\t\t\t\t\t\t\t\t\t\t\t<div class=\"elementor-gallery-item__overlay\"><\/div>\n\t\t\t\t\t\t\t\t\t\t\t\t\t\t<\/a>\n\t\t\t\t\t\t\t<a class=\"e-gallery-item elementor-gallery-item elementor-animated-content\" href=\"https:\/\/nordic.hr\/wp-content\/uploads\/2024\/07\/5B-T35.png\" data-elementor-open-lightbox=\"yes\" data-elementor-lightbox-slideshow=\"585e2032\" data-elementor-lightbox-title=\"5B - T35\" data-e-action-hash=\"#elementor-action%3Aaction%3Dlightbox%26settings%3DeyJpZCI6MTgyMSwidXJsIjoiaHR0cHM6XC9cL25vcmRpYy5oclwvd3AtY29udGVudFwvdXBsb2Fkc1wvMjAyNFwvMDdcLzVCLVQzNS5wbmciLCJzbGlkZXNob3ciOiI1ODVlMjAzMiJ9\">\n\t\t\t\t\t<div class=\"e-gallery-image elementor-gallery-item__image\" data-thumbnail=\"https:\/\/nordic.hr\/wp-content\/uploads\/2024\/07\/5B-T35.png\" data-width=\"1920\" data-height=\"1080\" aria-label=\"\" role=\"img\" ><\/div>\n\t\t\t\t\t\t\t\t\t\t\t<div class=\"elementor-gallery-item__overlay\"><\/div>\n\t\t\t\t\t\t\t\t\t\t\t\t\t\t<\/a>\n\t\t\t\t\t<\/div>\n\t\t\t<\/div>\n\t\t\t\t<\/div>\n\t\t\t\t<div class=\"elementor-element elementor-element-fe3ed61 elementor-widget__width-auto elementor-widget-mobile__width-inherit elementor-hidden-desktop elementor-hidden-tablet elementor-widget elementor-widget-button\" data-id=\"fe3ed61\" data-element_type=\"widget\" data-widget_type=\"button.default\">\n\t\t\t\t<div class=\"elementor-widget-container\">\n\t\t\t\t\t<div class=\"elementor-button-wrapper\">\n\t\t\t<a class=\"elementor-button elementor-button-link elementor-size-sm\" href=\"https:\/\/nordic.hr\/wp-content\/uploads\/2024\/07\/HRSAK-TEHNICKI-CRTEZI-5.pdf\" target=\"_blank\">\n\t\t\t\t\t\t<span class=\"elementor-button-content-wrapper\">\n\t\t\t\t\t\t<span class=\"elementor-button-text\">Technick\u00fd v\u00fdkres<\/span>\n\t\t<\/span>\n\t\t\t\t\t<\/a>\n\t\t<\/div>\n\t\t\t\t<\/div>\n\t\t\t\t<\/div>\n\t\t\t\t<div class=\"elementor-element elementor-element-503bb8d3 elementor-widget__width-auto elementor-widget-mobile__width-inherit elementor-hidden-desktop elementor-hidden-tablet elementor-widget elementor-widget-button\" data-id=\"503bb8d3\" data-element_type=\"widget\" data-widget_type=\"button.default\">\n\t\t\t\t<div class=\"elementor-widget-container\">\n\t\t\t\t\t<div class=\"elementor-button-wrapper\">\n\t\t\t<a class=\"elementor-button elementor-button-link elementor-size-sm\" href=\"https:\/\/nordic.hr\/sk\/kontakt\/\">\n\t\t\t\t\t\t<span class=\"elementor-button-content-wrapper\">\n\t\t\t\t\t\t<span class=\"elementor-button-text\">Odosla\u0165 dopyt<\/span>\n\t\t<\/span>\n\t\t\t\t\t<\/a>\n\t\t<\/div>\n\t\t\t\t<\/div>\n\t\t\t\t<\/div>\n\t\t\t\t\t<\/div>\n\t\t<\/div>\n\t\t\t\t\t<\/div>\n\t\t<\/section>\n\t\t\t\t<\/div>","protected":false},"excerpt":{"rendered":"<p>Inform\u00e1cie Stre\u0161n\u00fd lichobe\u017en\u00edkov\u00fd plech, v\u00fd\u0161ka vlny 35 milimetrov, \u010dasto pou\u017e\u00edvan\u00fd na pokrytie priemyseln\u00fdch budov, ale aj s\u00fakromn\u00fdch domov. Architekti ho vysoko oce\u0148uj\u00fa v\u010faka jeho dobr\u00fdm technick\u00fdm vlastnostiam, ako je trvanlivos\u0165 a dobr\u00e1 nosnos\u0165. Tie\u017e je ekonomicky ziskov\u00fd kv\u00f4li svojej u\u017eito\u010dnej \u0161\u00edrke 1000 mm. Spolu s doskami s\u00fa k dispoz\u00edcii sprievodn\u00e9 certifik\u00e1ty, nosn\u00e9 stoly, [...]<\/p>","protected":false},"author":1,"featured_media":0,"parent":0,"menu_order":0,"comment_status":"closed","ping_status":"closed","template":"elementor_header_footer","meta":{"footnotes":""},"yoast_head":"<!-- This site is optimized with the Yoast SEO plugin v23.5 - https:\/\/yoast.com\/wordpress\/plugins\/seo\/ -->\n<title>Fasadni trapezni lim T35 - Nordic<\/title>\n<meta name=\"robots\" content=\"index, follow, max-snippet:-1, max-image-preview:large, max-video-preview:-1\" \/>\n<link rel=\"canonical\" href=\"https:\/\/nordic.hr\/sk\/fasadni-trapezni-lim-t35\/\" \/>\n<meta property=\"og:locale\" content=\"sk_SK\" \/>\n<meta property=\"og:type\" content=\"article\" \/>\n<meta property=\"og:title\" content=\"Fasadni trapezni lim T35 - Nordic\" \/>\n<meta property=\"og:description\" content=\"Informacije Krovni trapezni lim, visine vala 35 milimetara, \u010desto kori\u0161ten za pokrov industrijskih objekata, ali i privatnih ku\u0107a. Izuzetno je cijenjen od strane arhitekata zahvaljuju\u0107i svojim dobrim tehni\u010dkim karakteristikama kao \u0161to su trajnost i dobra nosivost. Tako\u0111er, ekonomski je isplativ radi svoje korisne \u0161irine od 1000 mm. Uz plo\u010de su dostupni prate\u0107a uvjerenja, tablice nosivosti, [&hellip;]\" \/>\n<meta property=\"og:url\" content=\"https:\/\/nordic.hr\/sk\/fasadni-trapezni-lim-t35\/\" \/>\n<meta property=\"og:site_name\" content=\"Nordic\" \/>\n<meta property=\"article:modified_time\" content=\"2024-07-03T14:43:49+00:00\" \/>\n<meta name=\"twitter:card\" content=\"summary_large_image\" \/>\n<meta name=\"twitter:label1\" content=\"Predpokladan\u00fd \u010das \u010d\u00edtania\" \/>\n\t<meta name=\"twitter:data1\" content=\"1 min\u00fata\" \/>\n<script type=\"application\/ld+json\" class=\"yoast-schema-graph\">{\"@context\":\"https:\/\/schema.org\",\"@graph\":[{\"@type\":\"WebPage\",\"@id\":\"https:\/\/nordic.hr\/fasadni-trapezni-lim-t35\/\",\"url\":\"https:\/\/nordic.hr\/fasadni-trapezni-lim-t35\/\",\"name\":\"Fasadni trapezni lim T35 - Nordic\",\"isPartOf\":{\"@id\":\"https:\/\/nordic.hr\/#website\"},\"datePublished\":\"2024-01-30T13:41:50+00:00\",\"dateModified\":\"2024-07-03T14:43:49+00:00\",\"breadcrumb\":{\"@id\":\"https:\/\/nordic.hr\/fasadni-trapezni-lim-t35\/#breadcrumb\"},\"inLanguage\":\"sk-SK\",\"potentialAction\":[{\"@type\":\"ReadAction\",\"target\":[\"https:\/\/nordic.hr\/fasadni-trapezni-lim-t35\/\"]}]},{\"@type\":\"BreadcrumbList\",\"@id\":\"https:\/\/nordic.hr\/fasadni-trapezni-lim-t35\/#breadcrumb\",\"itemListElement\":[{\"@type\":\"ListItem\",\"position\":1,\"name\":\"Po\u010detna stranica\",\"item\":\"https:\/\/nordic.hr\/naslovna\/\"},{\"@type\":\"ListItem\",\"position\":2,\"name\":\"Fasadni trapezni lim T35\"}]},{\"@type\":\"WebSite\",\"@id\":\"https:\/\/nordic.hr\/#website\",\"url\":\"https:\/\/nordic.hr\/\",\"name\":\"Nordic\",\"description\":\"\",\"publisher\":{\"@id\":\"https:\/\/nordic.hr\/#organization\"},\"potentialAction\":[{\"@type\":\"SearchAction\",\"target\":{\"@type\":\"EntryPoint\",\"urlTemplate\":\"https:\/\/nordic.hr\/?s={search_term_string}\"},\"query-input\":{\"@type\":\"PropertyValueSpecification\",\"valueRequired\":true,\"valueName\":\"search_term_string\"}}],\"inLanguage\":\"sk-SK\"},{\"@type\":\"Organization\",\"@id\":\"https:\/\/nordic.hr\/#organization\",\"name\":\"Nordic\",\"url\":\"https:\/\/nordic.hr\/\",\"logo\":{\"@type\":\"ImageObject\",\"inLanguage\":\"sk-SK\",\"@id\":\"https:\/\/nordic.hr\/#\/schema\/logo\/image\/\",\"url\":\"https:\/\/nordic.hr\/wp-content\/uploads\/2024\/01\/Logo-2024.png\",\"contentUrl\":\"https:\/\/nordic.hr\/wp-content\/uploads\/2024\/01\/Logo-2024.png\",\"width\":1101,\"height\":285,\"caption\":\"Nordic\"},\"image\":{\"@id\":\"https:\/\/nordic.hr\/#\/schema\/logo\/image\/\"}}]}<\/script>\n<!-- \/ Yoast SEO plugin. -->","yoast_head_json":{"title":"Fasadni trapezni lim T35 - Nordic","robots":{"index":"index","follow":"follow","max-snippet":"max-snippet:-1","max-image-preview":"max-image-preview:large","max-video-preview":"max-video-preview:-1"},"canonical":"https:\/\/nordic.hr\/sk\/fasadni-trapezni-lim-t35\/","og_locale":"sk_SK","og_type":"article","og_title":"Fasadni trapezni lim T35 - Nordic","og_description":"Informacije Krovni trapezni lim, visine vala 35 milimetara, \u010desto kori\u0161ten za pokrov industrijskih objekata, ali i privatnih ku\u0107a. Izuzetno je cijenjen od strane arhitekata zahvaljuju\u0107i svojim dobrim tehni\u010dkim karakteristikama kao \u0161to su trajnost i dobra nosivost. Tako\u0111er, ekonomski je isplativ radi svoje korisne \u0161irine od 1000 mm. Uz plo\u010de su dostupni prate\u0107a uvjerenja, tablice nosivosti, [&hellip;]","og_url":"https:\/\/nordic.hr\/sk\/fasadni-trapezni-lim-t35\/","og_site_name":"Nordic","article_modified_time":"2024-07-03T14:43:49+00:00","twitter_card":"summary_large_image","twitter_misc":{"Predpokladan\u00fd \u010das \u010d\u00edtania":"1 min\u00fata"},"schema":{"@context":"https:\/\/schema.org","@graph":[{"@type":"WebPage","@id":"https:\/\/nordic.hr\/fasadni-trapezni-lim-t35\/","url":"https:\/\/nordic.hr\/fasadni-trapezni-lim-t35\/","name":"Fasadni trapezni lim T35 - Nordic","isPartOf":{"@id":"https:\/\/nordic.hr\/#website"},"datePublished":"2024-01-30T13:41:50+00:00","dateModified":"2024-07-03T14:43:49+00:00","breadcrumb":{"@id":"https:\/\/nordic.hr\/fasadni-trapezni-lim-t35\/#breadcrumb"},"inLanguage":"sk-SK","potentialAction":[{"@type":"ReadAction","target":["https:\/\/nordic.hr\/fasadni-trapezni-lim-t35\/"]}]},{"@type":"BreadcrumbList","@id":"https:\/\/nordic.hr\/fasadni-trapezni-lim-t35\/#breadcrumb","itemListElement":[{"@type":"ListItem","position":1,"name":"Po\u010detna stranica","item":"https:\/\/nordic.hr\/naslovna\/"},{"@type":"ListItem","position":2,"name":"Fasadni trapezni lim T35"}]},{"@type":"WebSite","@id":"https:\/\/nordic.hr\/#website","url":"https:\/\/nordic.hr\/","name":"Nordic","description":"","publisher":{"@id":"https:\/\/nordic.hr\/#organization"},"potentialAction":[{"@type":"SearchAction","target":{"@type":"EntryPoint","urlTemplate":"https:\/\/nordic.hr\/?s={search_term_string}"},"query-input":{"@type":"PropertyValueSpecification","valueRequired":true,"valueName":"search_term_string"}}],"inLanguage":"sk-SK"},{"@type":"Organization","@id":"https:\/\/nordic.hr\/#organization","name":"Nordic","url":"https:\/\/nordic.hr\/","logo":{"@type":"ImageObject","inLanguage":"sk-SK","@id":"https:\/\/nordic.hr\/#\/schema\/logo\/image\/","url":"https:\/\/nordic.hr\/wp-content\/uploads\/2024\/01\/Logo-2024.png","contentUrl":"https:\/\/nordic.hr\/wp-content\/uploads\/2024\/01\/Logo-2024.png","width":1101,"height":285,"caption":"Nordic"},"image":{"@id":"https:\/\/nordic.hr\/#\/schema\/logo\/image\/"}}]}},"jetpack_sharing_enabled":true,"_links":{"self":[{"href":"https:\/\/nordic.hr\/sk\/wp-json\/wp\/v2\/pages\/478"}],"collection":[{"href":"https:\/\/nordic.hr\/sk\/wp-json\/wp\/v2\/pages"}],"about":[{"href":"https:\/\/nordic.hr\/sk\/wp-json\/wp\/v2\/types\/page"}],"author":[{"embeddable":true,"href":"https:\/\/nordic.hr\/sk\/wp-json\/wp\/v2\/users\/1"}],"replies":[{"embeddable":true,"href":"https:\/\/nordic.hr\/sk\/wp-json\/wp\/v2\/comments?post=478"}],"version-history":[{"count":7,"href":"https:\/\/nordic.hr\/sk\/wp-json\/wp\/v2\/pages\/478\/revisions"}],"predecessor-version":[{"id":1827,"href":"https:\/\/nordic.hr\/sk\/wp-json\/wp\/v2\/pages\/478\/revisions\/1827"}],"wp:attachment":[{"href":"https:\/\/nordic.hr\/sk\/wp-json\/wp\/v2\/media?parent=478"}],"curies":[{"name":"wp","href":"https:\/\/api.w.org\/{rel}","templated":true}]}}