{"id":474,"date":"2024-01-30T14:43:18","date_gmt":"2024-01-30T13:43:18","guid":{"rendered":"https:\/\/nordic.hr\/?page_id=474"},"modified":"2024-07-03T16:43:49","modified_gmt":"2024-07-03T14:43:49","slug":"limarija-i-oprema","status":"publish","type":"page","link":"https:\/\/nordic.hr\/sk\/limarija-i-oprema\/","title":{"rendered":"Limaria a vybavenie"},"content":{"rendered":"<div data-elementor-type=\"wp-page\" data-elementor-id=\"474\" class=\"elementor elementor-474\" data-elementor-post-type=\"page\">\n\t\t\t\t\t\t<section class=\"elementor-section elementor-top-section elementor-element elementor-element-769b8e47 elementor-section-height-min-height elementor-section-boxed elementor-section-height-default elementor-section-items-middle\" data-id=\"769b8e47\" data-element_type=\"section\" data-settings=\"{&quot;background_background&quot;:&quot;classic&quot;}\">\n\t\t\t\t\t\t\t<div class=\"elementor-background-overlay\"><\/div>\n\t\t\t\t\t\t\t<div class=\"elementor-container elementor-column-gap-default\">\n\t\t\t\t\t<div class=\"elementor-column elementor-col-100 elementor-top-column elementor-element elementor-element-39be797e\" data-id=\"39be797e\" data-element_type=\"column\">\n\t\t\t<div class=\"elementor-widget-wrap elementor-element-populated\">\n\t\t\t\t\t\t<div class=\"elementor-element elementor-element-2c89961 elementor-widget elementor-widget-heading\" data-id=\"2c89961\" data-element_type=\"widget\" data-widget_type=\"heading.default\">\n\t\t\t\t<div class=\"elementor-widget-container\">\n\t\t\t<h2 class=\"elementor-heading-title elementor-size-default\">Limaria a vybavenie<\/h2>\t\t<\/div>\n\t\t\t\t<\/div>\n\t\t\t\t\t<\/div>\n\t\t<\/div>\n\t\t\t\t\t<\/div>\n\t\t<\/section>\n\t\t\t\t<section class=\"elementor-section elementor-top-section elementor-element elementor-element-565502e3 elementor-section-boxed elementor-section-height-default elementor-section-height-default\" data-id=\"565502e3\" data-element_type=\"section\">\n\t\t\t\t\t\t<div class=\"elementor-container elementor-column-gap-default\">\n\t\t\t\t\t<div class=\"elementor-column elementor-col-50 elementor-top-column elementor-element elementor-element-7b6fd267\" data-id=\"7b6fd267\" data-element_type=\"column\">\n\t\t\t<div class=\"elementor-widget-wrap elementor-element-populated\">\n\t\t\t\t\t\t<div class=\"elementor-element elementor-element-67960531 elementor-widget elementor-widget-heading\" data-id=\"67960531\" data-element_type=\"widget\" data-widget_type=\"heading.default\">\n\t\t\t\t<div class=\"elementor-widget-container\">\n\t\t\t<h2 class=\"elementor-heading-title elementor-size-default\">Kon\u0161truk\u010dn\u00fd plech<\/h2>\t\t<\/div>\n\t\t\t\t<\/div>\n\t\t\t\t<div class=\"elementor-element elementor-element-787404d7 elementor-widget elementor-widget-text-editor\" data-id=\"787404d7\" data-element_type=\"widget\" data-widget_type=\"text-editor.default\">\n\t\t\t\t<div class=\"elementor-widget-container\">\n\t\t\t\t\t\t\t<p>Samotn\u00fd koncept stavebn\u00e9ho plechu patr\u00ed k potrebn\u00e9mu syst\u00e9mu sie\u0165ov\u00fdch plechov a prvkov odv\u00e1dzania da\u017e\u010fovej vody zo strechy. Na obr\u00e1zkoch ni\u017e\u0161ie s\u00fa niektor\u00e9 prvky (nosn\u00edkov\u00e9 dosky, dren\u00e1\u017eny \u017e\u013eab, v\u00fdpustn\u00e1 kanvica, dr\u00e1\u017ekov\u00fd h\u00e1k, svorka, klenut\u00e9 koleno,...) z v\u00fdroby spolo\u010dnosti M.I.Hr\u0161ak.<\/p><p>Kompletn\u00fd stavebn\u00fd plech sa vyr\u00e1ba z rovnak\u00fdch materi\u00e1lov ako profilovan\u00e9 plechy a ako tak\u00fd m\u00e1 rovnak\u00fa garantovan\u00fa \u00farove\u0148 kvality. Okrem \u0161tandardn\u00fdch prvkov vyr\u00e1bame aj r\u00f4zne typy \u0161peci\u00e1lnych prvkov na objedn\u00e1vku.<\/p>\t\t\t\t\t\t<\/div>\n\t\t\t\t<\/div>\n\t\t\t\t<div class=\"elementor-element elementor-element-7c746301 elementor-widget elementor-widget-button\" data-id=\"7c746301\" data-element_type=\"widget\" data-widget_type=\"button.default\">\n\t\t\t\t<div class=\"elementor-widget-container\">\n\t\t\t\t\t<div class=\"elementor-button-wrapper\">\n\t\t\t<a class=\"elementor-button elementor-button-link elementor-size-sm\" href=\"https:\/\/nordic.hr\/sk\/kontakt\/\">\n\t\t\t\t\t\t<span class=\"elementor-button-content-wrapper\">\n\t\t\t\t\t\t<span class=\"elementor-button-text\">Odosla\u0165 dopyt<\/span>\n\t\t<\/span>\n\t\t\t\t\t<\/a>\n\t\t<\/div>\n\t\t\t\t<\/div>\n\t\t\t\t<\/div>\n\t\t\t\t\t<\/div>\n\t\t<\/div>\n\t\t\t\t<div class=\"elementor-column elementor-col-50 elementor-top-column elementor-element elementor-element-4d1b0e89\" data-id=\"4d1b0e89\" data-element_type=\"column\">\n\t\t\t<div class=\"elementor-widget-wrap elementor-element-populated\">\n\t\t\t\t\t\t<div class=\"elementor-element elementor-element-4309d928 elementor-widget elementor-widget-image\" data-id=\"4309d928\" data-element_type=\"widget\" data-widget_type=\"image.default\">\n\t\t\t\t<div class=\"elementor-widget-container\">\n\t\t\t\t\t\t\t\t\t\t\t\t\t<img fetchpriority=\"high\" decoding=\"async\" width=\"800\" height=\"600\" src=\"https:\/\/nordic.hr\/wp-content\/uploads\/2024\/01\/limarija.jpg\" class=\"attachment-large size-large wp-image-451\" alt=\"\" srcset=\"https:\/\/nordic.hr\/wp-content\/uploads\/2024\/01\/limarija.jpg 800w, https:\/\/nordic.hr\/wp-content\/uploads\/2024\/01\/limarija-300x225.jpg 300w, https:\/\/nordic.hr\/wp-content\/uploads\/2024\/01\/limarija-768x576.jpg 768w\" sizes=\"(max-width: 800px) 100vw, 800px\" \/>\t\t\t\t\t\t\t\t\t\t\t\t\t<\/div>\n\t\t\t\t<\/div>\n\t\t\t\t\t<\/div>\n\t\t<\/div>\n\t\t\t\t\t<\/div>\n\t\t<\/section>\n\t\t\t\t<section class=\"elementor-section elementor-top-section elementor-element elementor-element-1749ce8 elementor-reverse-tablet elementor-reverse-mobile elementor-section-boxed elementor-section-height-default elementor-section-height-default\" data-id=\"1749ce8\" data-element_type=\"section\">\n\t\t\t\t\t\t<div class=\"elementor-container elementor-column-gap-default\">\n\t\t\t\t\t<div class=\"elementor-column elementor-col-50 elementor-top-column elementor-element elementor-element-a4ce6f5\" data-id=\"a4ce6f5\" data-element_type=\"column\">\n\t\t\t<div class=\"elementor-widget-wrap elementor-element-populated\">\n\t\t\t\t\t\t<div class=\"elementor-element elementor-element-7067554 elementor-widget elementor-widget-image\" data-id=\"7067554\" data-element_type=\"widget\" data-widget_type=\"image.default\">\n\t\t\t\t<div class=\"elementor-widget-container\">\n\t\t\t\t\t\t\t\t\t\t\t\t\t<img decoding=\"async\" width=\"800\" height=\"500\" src=\"https:\/\/nordic.hr\/wp-content\/uploads\/2024\/01\/krovna-oprema-mix.png\" class=\"attachment-large size-large wp-image-519\" alt=\"\" srcset=\"https:\/\/nordic.hr\/wp-content\/uploads\/2024\/01\/krovna-oprema-mix.png 800w, https:\/\/nordic.hr\/wp-content\/uploads\/2024\/01\/krovna-oprema-mix-300x188.png 300w, https:\/\/nordic.hr\/wp-content\/uploads\/2024\/01\/krovna-oprema-mix-768x480.png 768w\" sizes=\"(max-width: 800px) 100vw, 800px\" \/>\t\t\t\t\t\t\t\t\t\t\t\t\t<\/div>\n\t\t\t\t<\/div>\n\t\t\t\t\t<\/div>\n\t\t<\/div>\n\t\t\t\t<div class=\"elementor-column elementor-col-50 elementor-top-column elementor-element elementor-element-abb401d\" data-id=\"abb401d\" data-element_type=\"column\">\n\t\t\t<div class=\"elementor-widget-wrap elementor-element-populated\">\n\t\t\t\t\t\t<div class=\"elementor-element elementor-element-9eaa8e4 elementor-widget elementor-widget-heading\" data-id=\"9eaa8e4\" data-element_type=\"widget\" data-widget_type=\"heading.default\">\n\t\t\t\t<div class=\"elementor-widget-container\">\n\t\t\t<h2 class=\"elementor-heading-title elementor-size-default\">Sprievodn\u00e9 zariadenia<\/h2>\t\t<\/div>\n\t\t\t\t<\/div>\n\t\t\t\t<div class=\"elementor-element elementor-element-7a2e869 elementor-widget elementor-widget-text-editor\" data-id=\"7a2e869\" data-element_type=\"widget\" data-widget_type=\"text-editor.default\">\n\t\t\t\t<div class=\"elementor-widget-container\">\n\t\t\t\t\t\t\t<p>Pre kvalitn\u00fa in\u0161tal\u00e1ciu stre\u0161n\u00e9ho syst\u00e9mu z profilovan\u00fdch plechov potrebujete spojovacie a tesniace zariadenie. Sortiment t\u00fdchto v\u00fdrobkov pozost\u00e1va z upev\u0148ovac\u00edch skrutiek r\u00f4znych d\u013a\u017eok a typov, nitov, tesniacich p\u00e1sok, sie\u0165oviny, lepiacich tmelov, silik\u00f3nov\u00e9ho tmelu, korek\u010dn\u00fdch sprejov a \u010fal\u0161\u00edch.<\/p><p>V\u0161etky sprievodn\u00e9 zariadenia v na\u0161ej ponuke maj\u00fa pr\u00edslu\u0161n\u00e9 certifik\u00e1ty kvality v\u00fdrobkov a pred vstupom do n\u00e1\u0161ho sortimentu sa podrobuj\u00fa pr\u00edsnym intern\u00fdm testom. Je tie\u017e potrebn\u00e9 kl\u00e1s\u0165 osobitn\u00fd d\u00f4raz na odolnos\u0165 proti UV \u017eiareniu a \u010dasov\u00fa odolnos\u0165 v\u0161etk\u00fdch t\u00fdchto v\u00fdrobkov, preto\u017ee to zabezpe\u010duje trvanlivos\u0165 cel\u00e9ho stre\u0161n\u00e9ho syst\u00e9mu.<\/p>\t\t\t\t\t\t<\/div>\n\t\t\t\t<\/div>\n\t\t\t\t<div class=\"elementor-element elementor-element-7613472 elementor-widget elementor-widget-button\" data-id=\"7613472\" data-element_type=\"widget\" data-widget_type=\"button.default\">\n\t\t\t\t<div class=\"elementor-widget-container\">\n\t\t\t\t\t<div class=\"elementor-button-wrapper\">\n\t\t\t<a class=\"elementor-button elementor-button-link elementor-size-sm\" href=\"https:\/\/nordic.hr\/sk\/kontakt\/\">\n\t\t\t\t\t\t<span class=\"elementor-button-content-wrapper\">\n\t\t\t\t\t\t<span class=\"elementor-button-text\">Odosla\u0165 dopyt<\/span>\n\t\t<\/span>\n\t\t\t\t\t<\/a>\n\t\t<\/div>\n\t\t\t\t<\/div>\n\t\t\t\t<\/div>\n\t\t\t\t\t<\/div>\n\t\t<\/div>\n\t\t\t\t\t<\/div>\n\t\t<\/section>\n\t\t\t\t<\/div>","protected":false},"excerpt":{"rendered":"<p>Kon\u0161truk\u010dn\u00fd plech Samotn\u00fd koncept stavebn\u00e9ho plechu zah\u0155\u0148a potrebn\u00fd syst\u00e9m kovov\u00e9ho plechu a prvky b\u00farkov\u00e9ho odvodnenia strechy. Na obr\u00e1zkoch ni\u017e\u0161ie s\u00fa niektor\u00e9 prvky (nosn\u00edkov\u00e9 dosky, dren\u00e1\u017eny \u017e\u013eab, v\u00fdpustn\u00e1 kanvica, dr\u00e1\u017ekov\u00fd h\u00e1k, svorka, klenut\u00e9 koleno,...) z v\u00fdroby spolo\u010dnosti M.I.Hr\u0161ak. Kompletn\u00fd stavebn\u00fd plech sa vyr\u00e1ba z rovnak\u00fdch materi\u00e1lov ako profilovan\u00e9 plechy a [...]<\/p>","protected":false},"author":1,"featured_media":0,"parent":0,"menu_order":0,"comment_status":"closed","ping_status":"closed","template":"elementor_header_footer","meta":{"footnotes":""},"yoast_head":"<!-- This site is optimized with the Yoast SEO plugin v23.5 - https:\/\/yoast.com\/wordpress\/plugins\/seo\/ -->\n<title>Limarija i oprema - Nordic<\/title>\n<meta name=\"robots\" content=\"index, follow, max-snippet:-1, max-image-preview:large, max-video-preview:-1\" \/>\n<link rel=\"canonical\" href=\"https:\/\/nordic.hr\/sk\/limarija-i-oprema\/\" \/>\n<meta property=\"og:locale\" content=\"sk_SK\" \/>\n<meta property=\"og:type\" content=\"article\" \/>\n<meta property=\"og:title\" content=\"Limarija i oprema - Nordic\" \/>\n<meta property=\"og:description\" content=\"Gra\u0111evinska limarija U sam pojam gra\u0111evinske limarije spada neophodan sustav op\u0161avnih limova i elemenata oborinske odvodnje krovi\u0161ta. Na ni\u017ee prikazanim slikama nalaze se neki od elemenata (op\u0161avni limovi, odvodni \u017elijeb, ispusni kotli\u0107, kuka za \u017elijeb, obujmica, lu\u010dno koljeno,\u2026) iz proizvodnje poduze\u0107a M.I.Hr\u0161ak. Kompletna gra\u0111evinska limarija proizvodi se iz jednakih materijala kao i profilirani limovi, te [&hellip;]\" \/>\n<meta property=\"og:url\" content=\"https:\/\/nordic.hr\/sk\/limarija-i-oprema\/\" \/>\n<meta property=\"og:site_name\" content=\"Nordic\" \/>\n<meta property=\"article:modified_time\" content=\"2024-07-03T14:43:49+00:00\" \/>\n<meta property=\"og:image\" content=\"https:\/\/nordic.hr\/wp-content\/uploads\/2024\/01\/limarija.jpg\" \/>\n<meta name=\"twitter:card\" content=\"summary_large_image\" \/>\n<meta name=\"twitter:label1\" content=\"Predpokladan\u00fd \u010das \u010d\u00edtania\" \/>\n\t<meta name=\"twitter:data1\" content=\"2 min\u00faty\" \/>\n<script type=\"application\/ld+json\" class=\"yoast-schema-graph\">{\"@context\":\"https:\/\/schema.org\",\"@graph\":[{\"@type\":\"WebPage\",\"@id\":\"https:\/\/nordic.hr\/limarija-i-oprema\/\",\"url\":\"https:\/\/nordic.hr\/limarija-i-oprema\/\",\"name\":\"Limarija i oprema - Nordic\",\"isPartOf\":{\"@id\":\"https:\/\/nordic.hr\/#website\"},\"primaryImageOfPage\":{\"@id\":\"https:\/\/nordic.hr\/limarija-i-oprema\/#primaryimage\"},\"image\":{\"@id\":\"https:\/\/nordic.hr\/limarija-i-oprema\/#primaryimage\"},\"thumbnailUrl\":\"https:\/\/nordic.hr\/wp-content\/uploads\/2024\/01\/limarija.jpg\",\"datePublished\":\"2024-01-30T13:43:18+00:00\",\"dateModified\":\"2024-07-03T14:43:49+00:00\",\"breadcrumb\":{\"@id\":\"https:\/\/nordic.hr\/limarija-i-oprema\/#breadcrumb\"},\"inLanguage\":\"sk-SK\",\"potentialAction\":[{\"@type\":\"ReadAction\",\"target\":[\"https:\/\/nordic.hr\/limarija-i-oprema\/\"]}]},{\"@type\":\"ImageObject\",\"inLanguage\":\"sk-SK\",\"@id\":\"https:\/\/nordic.hr\/limarija-i-oprema\/#primaryimage\",\"url\":\"https:\/\/nordic.hr\/wp-content\/uploads\/2024\/01\/limarija.jpg\",\"contentUrl\":\"https:\/\/nordic.hr\/wp-content\/uploads\/2024\/01\/limarija.jpg\"},{\"@type\":\"BreadcrumbList\",\"@id\":\"https:\/\/nordic.hr\/limarija-i-oprema\/#breadcrumb\",\"itemListElement\":[{\"@type\":\"ListItem\",\"position\":1,\"name\":\"Po\u010detna stranica\",\"item\":\"https:\/\/nordic.hr\/naslovna\/\"},{\"@type\":\"ListItem\",\"position\":2,\"name\":\"Limarija i oprema\"}]},{\"@type\":\"WebSite\",\"@id\":\"https:\/\/nordic.hr\/#website\",\"url\":\"https:\/\/nordic.hr\/\",\"name\":\"Nordic\",\"description\":\"\",\"publisher\":{\"@id\":\"https:\/\/nordic.hr\/#organization\"},\"potentialAction\":[{\"@type\":\"SearchAction\",\"target\":{\"@type\":\"EntryPoint\",\"urlTemplate\":\"https:\/\/nordic.hr\/?s={search_term_string}\"},\"query-input\":{\"@type\":\"PropertyValueSpecification\",\"valueRequired\":true,\"valueName\":\"search_term_string\"}}],\"inLanguage\":\"sk-SK\"},{\"@type\":\"Organization\",\"@id\":\"https:\/\/nordic.hr\/#organization\",\"name\":\"Nordic\",\"url\":\"https:\/\/nordic.hr\/\",\"logo\":{\"@type\":\"ImageObject\",\"inLanguage\":\"sk-SK\",\"@id\":\"https:\/\/nordic.hr\/#\/schema\/logo\/image\/\",\"url\":\"https:\/\/nordic.hr\/wp-content\/uploads\/2024\/01\/Logo-2024.png\",\"contentUrl\":\"https:\/\/nordic.hr\/wp-content\/uploads\/2024\/01\/Logo-2024.png\",\"width\":1101,\"height\":285,\"caption\":\"Nordic\"},\"image\":{\"@id\":\"https:\/\/nordic.hr\/#\/schema\/logo\/image\/\"}}]}<\/script>\n<!-- \/ Yoast SEO plugin. -->","yoast_head_json":{"title":"Limarija i oprema - Nordic","robots":{"index":"index","follow":"follow","max-snippet":"max-snippet:-1","max-image-preview":"max-image-preview:large","max-video-preview":"max-video-preview:-1"},"canonical":"https:\/\/nordic.hr\/sk\/limarija-i-oprema\/","og_locale":"sk_SK","og_type":"article","og_title":"Limarija i oprema - Nordic","og_description":"Gra\u0111evinska limarija U sam pojam gra\u0111evinske limarije spada neophodan sustav op\u0161avnih limova i elemenata oborinske odvodnje krovi\u0161ta. Na ni\u017ee prikazanim slikama nalaze se neki od elemenata (op\u0161avni limovi, odvodni \u017elijeb, ispusni kotli\u0107, kuka za \u017elijeb, obujmica, lu\u010dno koljeno,\u2026) iz proizvodnje poduze\u0107a M.I.Hr\u0161ak. Kompletna gra\u0111evinska limarija proizvodi se iz jednakih materijala kao i profilirani limovi, te [&hellip;]","og_url":"https:\/\/nordic.hr\/sk\/limarija-i-oprema\/","og_site_name":"Nordic","article_modified_time":"2024-07-03T14:43:49+00:00","og_image":[{"url":"https:\/\/nordic.hr\/wp-content\/uploads\/2024\/01\/limarija.jpg"}],"twitter_card":"summary_large_image","twitter_misc":{"Predpokladan\u00fd \u010das \u010d\u00edtania":"2 min\u00faty"},"schema":{"@context":"https:\/\/schema.org","@graph":[{"@type":"WebPage","@id":"https:\/\/nordic.hr\/limarija-i-oprema\/","url":"https:\/\/nordic.hr\/limarija-i-oprema\/","name":"Limarija i oprema - Nordic","isPartOf":{"@id":"https:\/\/nordic.hr\/#website"},"primaryImageOfPage":{"@id":"https:\/\/nordic.hr\/limarija-i-oprema\/#primaryimage"},"image":{"@id":"https:\/\/nordic.hr\/limarija-i-oprema\/#primaryimage"},"thumbnailUrl":"https:\/\/nordic.hr\/wp-content\/uploads\/2024\/01\/limarija.jpg","datePublished":"2024-01-30T13:43:18+00:00","dateModified":"2024-07-03T14:43:49+00:00","breadcrumb":{"@id":"https:\/\/nordic.hr\/limarija-i-oprema\/#breadcrumb"},"inLanguage":"sk-SK","potentialAction":[{"@type":"ReadAction","target":["https:\/\/nordic.hr\/limarija-i-oprema\/"]}]},{"@type":"ImageObject","inLanguage":"sk-SK","@id":"https:\/\/nordic.hr\/limarija-i-oprema\/#primaryimage","url":"https:\/\/nordic.hr\/wp-content\/uploads\/2024\/01\/limarija.jpg","contentUrl":"https:\/\/nordic.hr\/wp-content\/uploads\/2024\/01\/limarija.jpg"},{"@type":"BreadcrumbList","@id":"https:\/\/nordic.hr\/limarija-i-oprema\/#breadcrumb","itemListElement":[{"@type":"ListItem","position":1,"name":"Po\u010detna stranica","item":"https:\/\/nordic.hr\/naslovna\/"},{"@type":"ListItem","position":2,"name":"Limarija i oprema"}]},{"@type":"WebSite","@id":"https:\/\/nordic.hr\/#website","url":"https:\/\/nordic.hr\/","name":"Nordic","description":"","publisher":{"@id":"https:\/\/nordic.hr\/#organization"},"potentialAction":[{"@type":"SearchAction","target":{"@type":"EntryPoint","urlTemplate":"https:\/\/nordic.hr\/?s={search_term_string}"},"query-input":{"@type":"PropertyValueSpecification","valueRequired":true,"valueName":"search_term_string"}}],"inLanguage":"sk-SK"},{"@type":"Organization","@id":"https:\/\/nordic.hr\/#organization","name":"Nordic","url":"https:\/\/nordic.hr\/","logo":{"@type":"ImageObject","inLanguage":"sk-SK","@id":"https:\/\/nordic.hr\/#\/schema\/logo\/image\/","url":"https:\/\/nordic.hr\/wp-content\/uploads\/2024\/01\/Logo-2024.png","contentUrl":"https:\/\/nordic.hr\/wp-content\/uploads\/2024\/01\/Logo-2024.png","width":1101,"height":285,"caption":"Nordic"},"image":{"@id":"https:\/\/nordic.hr\/#\/schema\/logo\/image\/"}}]}},"jetpack_sharing_enabled":true,"_links":{"self":[{"href":"https:\/\/nordic.hr\/sk\/wp-json\/wp\/v2\/pages\/474"}],"collection":[{"href":"https:\/\/nordic.hr\/sk\/wp-json\/wp\/v2\/pages"}],"about":[{"href":"https:\/\/nordic.hr\/sk\/wp-json\/wp\/v2\/types\/page"}],"author":[{"embeddable":true,"href":"https:\/\/nordic.hr\/sk\/wp-json\/wp\/v2\/users\/1"}],"replies":[{"embeddable":true,"href":"https:\/\/nordic.hr\/sk\/wp-json\/wp\/v2\/comments?post=474"}],"version-history":[{"count":9,"href":"https:\/\/nordic.hr\/sk\/wp-json\/wp\/v2\/pages\/474\/revisions"}],"predecessor-version":[{"id":522,"href":"https:\/\/nordic.hr\/sk\/wp-json\/wp\/v2\/pages\/474\/revisions\/522"}],"wp:attachment":[{"href":"https:\/\/nordic.hr\/sk\/wp-json\/wp\/v2\/media?parent=474"}],"curies":[{"name":"wp","href":"https:\/\/api.w.org\/{rel}","templated":true}]}}