{"id":474,"date":"2024-01-30T14:43:18","date_gmt":"2024-01-30T13:43:18","guid":{"rendered":"https:\/\/nordic.hr\/?page_id=474"},"modified":"2024-07-03T16:43:49","modified_gmt":"2024-07-03T14:43:49","slug":"limarija-i-oprema","status":"publish","type":"page","link":"https:\/\/nordic.hr\/pl\/limarija-i-oprema\/","title":{"rendered":"Limaria i sprz\u0119t"},"content":{"rendered":"<div data-elementor-type=\"wp-page\" data-elementor-id=\"474\" class=\"elementor elementor-474\" data-elementor-post-type=\"page\">\n\t\t\t\t\t\t<section class=\"elementor-section elementor-top-section elementor-element elementor-element-769b8e47 elementor-section-height-min-height elementor-section-boxed elementor-section-height-default elementor-section-items-middle\" data-id=\"769b8e47\" data-element_type=\"section\" data-settings=\"{&quot;background_background&quot;:&quot;classic&quot;}\">\n\t\t\t\t\t\t\t<div class=\"elementor-background-overlay\"><\/div>\n\t\t\t\t\t\t\t<div class=\"elementor-container elementor-column-gap-default\">\n\t\t\t\t\t<div class=\"elementor-column elementor-col-100 elementor-top-column elementor-element elementor-element-39be797e\" data-id=\"39be797e\" data-element_type=\"column\">\n\t\t\t<div class=\"elementor-widget-wrap elementor-element-populated\">\n\t\t\t\t\t\t<div class=\"elementor-element elementor-element-2c89961 elementor-widget elementor-widget-heading\" data-id=\"2c89961\" data-element_type=\"widget\" data-widget_type=\"heading.default\">\n\t\t\t\t<div class=\"elementor-widget-container\">\n\t\t\t<h2 class=\"elementor-heading-title elementor-size-default\">Limaria i sprz\u0119t<\/h2>\t\t<\/div>\n\t\t\t\t<\/div>\n\t\t\t\t\t<\/div>\n\t\t<\/div>\n\t\t\t\t\t<\/div>\n\t\t<\/section>\n\t\t\t\t<section class=\"elementor-section elementor-top-section elementor-element elementor-element-565502e3 elementor-section-boxed elementor-section-height-default elementor-section-height-default\" data-id=\"565502e3\" data-element_type=\"section\">\n\t\t\t\t\t\t<div class=\"elementor-container elementor-column-gap-default\">\n\t\t\t\t\t<div class=\"elementor-column elementor-col-50 elementor-top-column elementor-element elementor-element-7b6fd267\" data-id=\"7b6fd267\" data-element_type=\"column\">\n\t\t\t<div class=\"elementor-widget-wrap elementor-element-populated\">\n\t\t\t\t\t\t<div class=\"elementor-element elementor-element-67960531 elementor-widget elementor-widget-heading\" data-id=\"67960531\" data-element_type=\"widget\" data-widget_type=\"heading.default\">\n\t\t\t\t<div class=\"elementor-widget-container\">\n\t\t\t<h2 class=\"elementor-heading-title elementor-size-default\">Blacha konstrukcyjna<\/h2>\t\t<\/div>\n\t\t\t\t<\/div>\n\t\t\t\t<div class=\"elementor-element elementor-element-787404d7 elementor-widget elementor-widget-text-editor\" data-id=\"787404d7\" data-element_type=\"widget\" data-widget_type=\"text-editor.default\">\n\t\t\t\t<div class=\"elementor-widget-container\">\n\t\t\t\t\t\t\t<p>Sama koncepcja blachy konstrukcyjnej nale\u017cy do niezb\u0119dnego systemu arkuszy siatkowych i element\u00f3w odprowadzania wody deszczowej z dachu. Na poni\u017cszych zdj\u0119ciach znajduj\u0105 si\u0119 niekt\u00f3re elementy (p\u0142yty belkowe, rynna drena\u017cowa, czajnik wy\u0142adowczy, hak rowkowy, zacisk, \u0142ukowe kolano,...) z produkcji firmy M.I.Hr\u0161ak.<\/p><p>Kompletna blacha konstrukcyjna jest produkowana z tych samych materia\u0142\u00f3w co blachy profilowane i jako taka ma taki sam gwarantowany poziom jako\u015bci. Opr\u00f3cz standardowych element\u00f3w wykonujemy r\u00f3wnie\u017c r\u00f3\u017cnego rodzaju elementy specjalne na zam\u00f3wienie.<\/p>\t\t\t\t\t\t<\/div>\n\t\t\t\t<\/div>\n\t\t\t\t<div class=\"elementor-element elementor-element-7c746301 elementor-widget elementor-widget-button\" data-id=\"7c746301\" data-element_type=\"widget\" data-widget_type=\"button.default\">\n\t\t\t\t<div class=\"elementor-widget-container\">\n\t\t\t\t\t<div class=\"elementor-button-wrapper\">\n\t\t\t<a class=\"elementor-button elementor-button-link elementor-size-sm\" href=\"https:\/\/nordic.hr\/pl\/kontakt\/\">\n\t\t\t\t\t\t<span class=\"elementor-button-content-wrapper\">\n\t\t\t\t\t\t<span class=\"elementor-button-text\">Wy\u015blij zapytanie<\/span>\n\t\t<\/span>\n\t\t\t\t\t<\/a>\n\t\t<\/div>\n\t\t\t\t<\/div>\n\t\t\t\t<\/div>\n\t\t\t\t\t<\/div>\n\t\t<\/div>\n\t\t\t\t<div class=\"elementor-column elementor-col-50 elementor-top-column elementor-element elementor-element-4d1b0e89\" data-id=\"4d1b0e89\" data-element_type=\"column\">\n\t\t\t<div class=\"elementor-widget-wrap elementor-element-populated\">\n\t\t\t\t\t\t<div class=\"elementor-element elementor-element-4309d928 elementor-widget elementor-widget-image\" data-id=\"4309d928\" data-element_type=\"widget\" data-widget_type=\"image.default\">\n\t\t\t\t<div class=\"elementor-widget-container\">\n\t\t\t\t\t\t\t\t\t\t\t\t\t<img fetchpriority=\"high\" decoding=\"async\" width=\"800\" height=\"600\" src=\"https:\/\/nordic.hr\/wp-content\/uploads\/2024\/01\/limarija.jpg\" class=\"attachment-large size-large wp-image-451\" alt=\"\" srcset=\"https:\/\/nordic.hr\/wp-content\/uploads\/2024\/01\/limarija.jpg 800w, https:\/\/nordic.hr\/wp-content\/uploads\/2024\/01\/limarija-300x225.jpg 300w, https:\/\/nordic.hr\/wp-content\/uploads\/2024\/01\/limarija-768x576.jpg 768w\" sizes=\"(max-width: 800px) 100vw, 800px\" \/>\t\t\t\t\t\t\t\t\t\t\t\t\t<\/div>\n\t\t\t\t<\/div>\n\t\t\t\t\t<\/div>\n\t\t<\/div>\n\t\t\t\t\t<\/div>\n\t\t<\/section>\n\t\t\t\t<section class=\"elementor-section elementor-top-section elementor-element elementor-element-1749ce8 elementor-reverse-tablet elementor-reverse-mobile elementor-section-boxed elementor-section-height-default elementor-section-height-default\" data-id=\"1749ce8\" data-element_type=\"section\">\n\t\t\t\t\t\t<div class=\"elementor-container elementor-column-gap-default\">\n\t\t\t\t\t<div class=\"elementor-column elementor-col-50 elementor-top-column elementor-element elementor-element-a4ce6f5\" data-id=\"a4ce6f5\" data-element_type=\"column\">\n\t\t\t<div class=\"elementor-widget-wrap elementor-element-populated\">\n\t\t\t\t\t\t<div class=\"elementor-element elementor-element-7067554 elementor-widget elementor-widget-image\" data-id=\"7067554\" data-element_type=\"widget\" data-widget_type=\"image.default\">\n\t\t\t\t<div class=\"elementor-widget-container\">\n\t\t\t\t\t\t\t\t\t\t\t\t\t<img decoding=\"async\" width=\"800\" height=\"500\" src=\"https:\/\/nordic.hr\/wp-content\/uploads\/2024\/01\/krovna-oprema-mix.png\" class=\"attachment-large size-large wp-image-519\" alt=\"\" srcset=\"https:\/\/nordic.hr\/wp-content\/uploads\/2024\/01\/krovna-oprema-mix.png 800w, https:\/\/nordic.hr\/wp-content\/uploads\/2024\/01\/krovna-oprema-mix-300x188.png 300w, https:\/\/nordic.hr\/wp-content\/uploads\/2024\/01\/krovna-oprema-mix-768x480.png 768w\" sizes=\"(max-width: 800px) 100vw, 800px\" \/>\t\t\t\t\t\t\t\t\t\t\t\t\t<\/div>\n\t\t\t\t<\/div>\n\t\t\t\t\t<\/div>\n\t\t<\/div>\n\t\t\t\t<div class=\"elementor-column elementor-col-50 elementor-top-column elementor-element elementor-element-abb401d\" data-id=\"abb401d\" data-element_type=\"column\">\n\t\t\t<div class=\"elementor-widget-wrap elementor-element-populated\">\n\t\t\t\t\t\t<div class=\"elementor-element elementor-element-9eaa8e4 elementor-widget elementor-widget-heading\" data-id=\"9eaa8e4\" data-element_type=\"widget\" data-widget_type=\"heading.default\">\n\t\t\t\t<div class=\"elementor-widget-container\">\n\t\t\t<h2 class=\"elementor-heading-title elementor-size-default\">Sprz\u0119t towarzysz\u0105cy<\/h2>\t\t<\/div>\n\t\t\t\t<\/div>\n\t\t\t\t<div class=\"elementor-element elementor-element-7a2e869 elementor-widget elementor-widget-text-editor\" data-id=\"7a2e869\" data-element_type=\"widget\" data-widget_type=\"text-editor.default\">\n\t\t\t\t<div class=\"elementor-widget-container\">\n\t\t\t\t\t\t\t<p>Do wysokiej jako\u015bci instalacji systemu dachowego z profilowanych arkuszy potrzebny jest sprz\u0119t do \u0142\u0105czenia i uszczelniania. Gama tych produkt\u00f3w obejmuje \u015bruby mocuj\u0105ce o r\u00f3\u017cnych d\u0142ugo\u015bciach i typach, nity, ta\u015bmy uszczelniaj\u0105ce, siatk\u0119, uszczelniacze do kleju, kit silikonowy, spraye korekcyjne i inne.<\/p><p>Wszystkie urz\u0105dzenia towarzysz\u0105ce w naszej ofercie posiadaj\u0105 odpowiednie certyfikaty jako\u015bci produktu i przechodz\u0105 rygorystyczne testy wewn\u0119trzne przed wej\u015bciem do naszego asortymentu sprzeda\u017cowego. Konieczne jest r\u00f3wnie\u017c po\u0142o\u017cenie szczeg\u00f3lnego nacisku na odporno\u015b\u0107 na promieniowanie UV i odporno\u015b\u0107 na czas wszystkich tych produkt\u00f3w, poniewa\u017c zapewnia to trwa\u0142o\u015b\u0107 ca\u0142ego systemu dachowego.<\/p>\t\t\t\t\t\t<\/div>\n\t\t\t\t<\/div>\n\t\t\t\t<div class=\"elementor-element elementor-element-7613472 elementor-widget elementor-widget-button\" data-id=\"7613472\" data-element_type=\"widget\" data-widget_type=\"button.default\">\n\t\t\t\t<div class=\"elementor-widget-container\">\n\t\t\t\t\t<div class=\"elementor-button-wrapper\">\n\t\t\t<a class=\"elementor-button elementor-button-link elementor-size-sm\" href=\"https:\/\/nordic.hr\/pl\/kontakt\/\">\n\t\t\t\t\t\t<span class=\"elementor-button-content-wrapper\">\n\t\t\t\t\t\t<span class=\"elementor-button-text\">Wy\u015blij zapytanie<\/span>\n\t\t<\/span>\n\t\t\t\t\t<\/a>\n\t\t<\/div>\n\t\t\t\t<\/div>\n\t\t\t\t<\/div>\n\t\t\t\t\t<\/div>\n\t\t<\/div>\n\t\t\t\t\t<\/div>\n\t\t<\/section>\n\t\t\t\t<\/div>","protected":false},"excerpt":{"rendered":"<p>Blacha konstrukcyjna Sama koncepcja blachy konstrukcyjnej obejmuje niezb\u0119dny system blachy i elementy drena\u017cu burzowego dachu. Na poni\u017cszych zdj\u0119ciach znajduj\u0105 si\u0119 niekt\u00f3re elementy (p\u0142yty belkowe, rynna drena\u017cowa, czajnik wy\u0142adowczy, hak rowkowy, zacisk, \u0142ukowe kolano,...) z produkcji firmy M.I.Hr\u0161ak. Kompletna blacha konstrukcyjna jest produkowana z tych samych materia\u0142\u00f3w, co blachy profilowane, a [...]<\/p>","protected":false},"author":1,"featured_media":0,"parent":0,"menu_order":0,"comment_status":"closed","ping_status":"closed","template":"elementor_header_footer","meta":{"footnotes":""},"yoast_head":"<!-- This site is optimized with the Yoast SEO plugin v23.5 - https:\/\/yoast.com\/wordpress\/plugins\/seo\/ -->\n<title>Limarija i oprema - Nordic<\/title>\n<meta name=\"robots\" content=\"index, follow, max-snippet:-1, max-image-preview:large, max-video-preview:-1\" \/>\n<link rel=\"canonical\" href=\"https:\/\/nordic.hr\/pl\/limarija-i-oprema\/\" \/>\n<meta property=\"og:locale\" content=\"pl_PL\" \/>\n<meta property=\"og:type\" content=\"article\" \/>\n<meta property=\"og:title\" content=\"Limarija i oprema - Nordic\" \/>\n<meta property=\"og:description\" content=\"Gra\u0111evinska limarija U sam pojam gra\u0111evinske limarije spada neophodan sustav op\u0161avnih limova i elemenata oborinske odvodnje krovi\u0161ta. Na ni\u017ee prikazanim slikama nalaze se neki od elemenata (op\u0161avni limovi, odvodni \u017elijeb, ispusni kotli\u0107, kuka za \u017elijeb, obujmica, lu\u010dno koljeno,\u2026) iz proizvodnje poduze\u0107a M.I.Hr\u0161ak. Kompletna gra\u0111evinska limarija proizvodi se iz jednakih materijala kao i profilirani limovi, te [&hellip;]\" \/>\n<meta property=\"og:url\" content=\"https:\/\/nordic.hr\/pl\/limarija-i-oprema\/\" \/>\n<meta property=\"og:site_name\" content=\"Nordic\" \/>\n<meta property=\"article:modified_time\" content=\"2024-07-03T14:43:49+00:00\" \/>\n<meta property=\"og:image\" content=\"https:\/\/nordic.hr\/wp-content\/uploads\/2024\/01\/limarija.jpg\" \/>\n<meta name=\"twitter:card\" content=\"summary_large_image\" \/>\n<meta name=\"twitter:label1\" content=\"Szacowany czas czytania\" \/>\n\t<meta name=\"twitter:data1\" content=\"2 minuty\" \/>\n<script type=\"application\/ld+json\" class=\"yoast-schema-graph\">{\"@context\":\"https:\/\/schema.org\",\"@graph\":[{\"@type\":\"WebPage\",\"@id\":\"https:\/\/nordic.hr\/limarija-i-oprema\/\",\"url\":\"https:\/\/nordic.hr\/limarija-i-oprema\/\",\"name\":\"Limarija i oprema - Nordic\",\"isPartOf\":{\"@id\":\"https:\/\/nordic.hr\/#website\"},\"primaryImageOfPage\":{\"@id\":\"https:\/\/nordic.hr\/limarija-i-oprema\/#primaryimage\"},\"image\":{\"@id\":\"https:\/\/nordic.hr\/limarija-i-oprema\/#primaryimage\"},\"thumbnailUrl\":\"https:\/\/nordic.hr\/wp-content\/uploads\/2024\/01\/limarija.jpg\",\"datePublished\":\"2024-01-30T13:43:18+00:00\",\"dateModified\":\"2024-07-03T14:43:49+00:00\",\"breadcrumb\":{\"@id\":\"https:\/\/nordic.hr\/limarija-i-oprema\/#breadcrumb\"},\"inLanguage\":\"pl-PL\",\"potentialAction\":[{\"@type\":\"ReadAction\",\"target\":[\"https:\/\/nordic.hr\/limarija-i-oprema\/\"]}]},{\"@type\":\"ImageObject\",\"inLanguage\":\"pl-PL\",\"@id\":\"https:\/\/nordic.hr\/limarija-i-oprema\/#primaryimage\",\"url\":\"https:\/\/nordic.hr\/wp-content\/uploads\/2024\/01\/limarija.jpg\",\"contentUrl\":\"https:\/\/nordic.hr\/wp-content\/uploads\/2024\/01\/limarija.jpg\"},{\"@type\":\"BreadcrumbList\",\"@id\":\"https:\/\/nordic.hr\/limarija-i-oprema\/#breadcrumb\",\"itemListElement\":[{\"@type\":\"ListItem\",\"position\":1,\"name\":\"Po\u010detna stranica\",\"item\":\"https:\/\/nordic.hr\/naslovna\/\"},{\"@type\":\"ListItem\",\"position\":2,\"name\":\"Limarija i oprema\"}]},{\"@type\":\"WebSite\",\"@id\":\"https:\/\/nordic.hr\/#website\",\"url\":\"https:\/\/nordic.hr\/\",\"name\":\"Nordic\",\"description\":\"\",\"publisher\":{\"@id\":\"https:\/\/nordic.hr\/#organization\"},\"potentialAction\":[{\"@type\":\"SearchAction\",\"target\":{\"@type\":\"EntryPoint\",\"urlTemplate\":\"https:\/\/nordic.hr\/?s={search_term_string}\"},\"query-input\":{\"@type\":\"PropertyValueSpecification\",\"valueRequired\":true,\"valueName\":\"search_term_string\"}}],\"inLanguage\":\"pl-PL\"},{\"@type\":\"Organization\",\"@id\":\"https:\/\/nordic.hr\/#organization\",\"name\":\"Nordic\",\"url\":\"https:\/\/nordic.hr\/\",\"logo\":{\"@type\":\"ImageObject\",\"inLanguage\":\"pl-PL\",\"@id\":\"https:\/\/nordic.hr\/#\/schema\/logo\/image\/\",\"url\":\"https:\/\/nordic.hr\/wp-content\/uploads\/2024\/01\/Logo-2024.png\",\"contentUrl\":\"https:\/\/nordic.hr\/wp-content\/uploads\/2024\/01\/Logo-2024.png\",\"width\":1101,\"height\":285,\"caption\":\"Nordic\"},\"image\":{\"@id\":\"https:\/\/nordic.hr\/#\/schema\/logo\/image\/\"}}]}<\/script>\n<!-- \/ Yoast SEO plugin. -->","yoast_head_json":{"title":"Limarija i oprema - Nordic","robots":{"index":"index","follow":"follow","max-snippet":"max-snippet:-1","max-image-preview":"max-image-preview:large","max-video-preview":"max-video-preview:-1"},"canonical":"https:\/\/nordic.hr\/pl\/limarija-i-oprema\/","og_locale":"pl_PL","og_type":"article","og_title":"Limarija i oprema - Nordic","og_description":"Gra\u0111evinska limarija U sam pojam gra\u0111evinske limarije spada neophodan sustav op\u0161avnih limova i elemenata oborinske odvodnje krovi\u0161ta. Na ni\u017ee prikazanim slikama nalaze se neki od elemenata (op\u0161avni limovi, odvodni \u017elijeb, ispusni kotli\u0107, kuka za \u017elijeb, obujmica, lu\u010dno koljeno,\u2026) iz proizvodnje poduze\u0107a M.I.Hr\u0161ak. Kompletna gra\u0111evinska limarija proizvodi se iz jednakih materijala kao i profilirani limovi, te [&hellip;]","og_url":"https:\/\/nordic.hr\/pl\/limarija-i-oprema\/","og_site_name":"Nordic","article_modified_time":"2024-07-03T14:43:49+00:00","og_image":[{"url":"https:\/\/nordic.hr\/wp-content\/uploads\/2024\/01\/limarija.jpg"}],"twitter_card":"summary_large_image","twitter_misc":{"Szacowany czas czytania":"2 minuty"},"schema":{"@context":"https:\/\/schema.org","@graph":[{"@type":"WebPage","@id":"https:\/\/nordic.hr\/limarija-i-oprema\/","url":"https:\/\/nordic.hr\/limarija-i-oprema\/","name":"Limarija i oprema - Nordic","isPartOf":{"@id":"https:\/\/nordic.hr\/#website"},"primaryImageOfPage":{"@id":"https:\/\/nordic.hr\/limarija-i-oprema\/#primaryimage"},"image":{"@id":"https:\/\/nordic.hr\/limarija-i-oprema\/#primaryimage"},"thumbnailUrl":"https:\/\/nordic.hr\/wp-content\/uploads\/2024\/01\/limarija.jpg","datePublished":"2024-01-30T13:43:18+00:00","dateModified":"2024-07-03T14:43:49+00:00","breadcrumb":{"@id":"https:\/\/nordic.hr\/limarija-i-oprema\/#breadcrumb"},"inLanguage":"pl-PL","potentialAction":[{"@type":"ReadAction","target":["https:\/\/nordic.hr\/limarija-i-oprema\/"]}]},{"@type":"ImageObject","inLanguage":"pl-PL","@id":"https:\/\/nordic.hr\/limarija-i-oprema\/#primaryimage","url":"https:\/\/nordic.hr\/wp-content\/uploads\/2024\/01\/limarija.jpg","contentUrl":"https:\/\/nordic.hr\/wp-content\/uploads\/2024\/01\/limarija.jpg"},{"@type":"BreadcrumbList","@id":"https:\/\/nordic.hr\/limarija-i-oprema\/#breadcrumb","itemListElement":[{"@type":"ListItem","position":1,"name":"Po\u010detna stranica","item":"https:\/\/nordic.hr\/naslovna\/"},{"@type":"ListItem","position":2,"name":"Limarija i oprema"}]},{"@type":"WebSite","@id":"https:\/\/nordic.hr\/#website","url":"https:\/\/nordic.hr\/","name":"Nordic","description":"","publisher":{"@id":"https:\/\/nordic.hr\/#organization"},"potentialAction":[{"@type":"SearchAction","target":{"@type":"EntryPoint","urlTemplate":"https:\/\/nordic.hr\/?s={search_term_string}"},"query-input":{"@type":"PropertyValueSpecification","valueRequired":true,"valueName":"search_term_string"}}],"inLanguage":"pl-PL"},{"@type":"Organization","@id":"https:\/\/nordic.hr\/#organization","name":"Nordic","url":"https:\/\/nordic.hr\/","logo":{"@type":"ImageObject","inLanguage":"pl-PL","@id":"https:\/\/nordic.hr\/#\/schema\/logo\/image\/","url":"https:\/\/nordic.hr\/wp-content\/uploads\/2024\/01\/Logo-2024.png","contentUrl":"https:\/\/nordic.hr\/wp-content\/uploads\/2024\/01\/Logo-2024.png","width":1101,"height":285,"caption":"Nordic"},"image":{"@id":"https:\/\/nordic.hr\/#\/schema\/logo\/image\/"}}]}},"jetpack_sharing_enabled":true,"_links":{"self":[{"href":"https:\/\/nordic.hr\/pl\/wp-json\/wp\/v2\/pages\/474"}],"collection":[{"href":"https:\/\/nordic.hr\/pl\/wp-json\/wp\/v2\/pages"}],"about":[{"href":"https:\/\/nordic.hr\/pl\/wp-json\/wp\/v2\/types\/page"}],"author":[{"embeddable":true,"href":"https:\/\/nordic.hr\/pl\/wp-json\/wp\/v2\/users\/1"}],"replies":[{"embeddable":true,"href":"https:\/\/nordic.hr\/pl\/wp-json\/wp\/v2\/comments?post=474"}],"version-history":[{"count":9,"href":"https:\/\/nordic.hr\/pl\/wp-json\/wp\/v2\/pages\/474\/revisions"}],"predecessor-version":[{"id":522,"href":"https:\/\/nordic.hr\/pl\/wp-json\/wp\/v2\/pages\/474\/revisions\/522"}],"wp:attachment":[{"href":"https:\/\/nordic.hr\/pl\/wp-json\/wp\/v2\/media?parent=474"}],"curies":[{"name":"wp","href":"https:\/\/api.w.org\/{rel}","templated":true}]}}