{"id":466,"date":"2024-01-30T14:40:48","date_gmt":"2024-01-30T13:40:48","guid":{"rendered":"https:\/\/nordic.hr\/?page_id=466"},"modified":"2024-07-03T16:43:49","modified_gmt":"2024-07-03T14:43:49","slug":"lim-u-obliku-crijepa-cr-24","status":"publish","type":"page","link":"https:\/\/nordic.hr\/pl\/lim-u-obliku-crijepa-cr-24\/","title":{"rendered":"P\u0142ytka w kszta\u0142cie arkusza CR 24"},"content":{"rendered":"<div data-elementor-type=\"wp-page\" data-elementor-id=\"466\" class=\"elementor elementor-466\" data-elementor-post-type=\"page\">\n\t\t\t\t\t\t<section class=\"elementor-section elementor-top-section elementor-element elementor-element-576ac4f elementor-section-height-min-height elementor-section-boxed elementor-section-height-default elementor-section-items-middle\" data-id=\"576ac4f\" data-element_type=\"section\" data-settings=\"{&quot;background_background&quot;:&quot;classic&quot;}\">\n\t\t\t\t\t\t\t<div class=\"elementor-background-overlay\"><\/div>\n\t\t\t\t\t\t\t<div class=\"elementor-container elementor-column-gap-default\">\n\t\t\t\t\t<div class=\"elementor-column elementor-col-100 elementor-top-column elementor-element elementor-element-6c62e657\" data-id=\"6c62e657\" data-element_type=\"column\">\n\t\t\t<div class=\"elementor-widget-wrap elementor-element-populated\">\n\t\t\t\t\t\t<div class=\"elementor-element elementor-element-732699be elementor-widget elementor-widget-heading\" data-id=\"732699be\" data-element_type=\"widget\" data-widget_type=\"heading.default\">\n\t\t\t\t<div class=\"elementor-widget-container\">\n\t\t\t<h2 class=\"elementor-heading-title elementor-size-default\">P\u0142ytka w kszta\u0142cie arkusza CR 24<\/h2>\t\t<\/div>\n\t\t\t\t<\/div>\n\t\t\t\t\t<\/div>\n\t\t<\/div>\n\t\t\t\t\t<\/div>\n\t\t<\/section>\n\t\t\t\t<section class=\"elementor-section elementor-top-section elementor-element elementor-element-18b1da06 elementor-section-boxed elementor-section-height-default elementor-section-height-default\" data-id=\"18b1da06\" data-element_type=\"section\">\n\t\t\t\t\t\t<div class=\"elementor-container elementor-column-gap-default\">\n\t\t\t\t\t<div class=\"elementor-column elementor-col-50 elementor-top-column elementor-element elementor-element-465e06c\" data-id=\"465e06c\" data-element_type=\"column\">\n\t\t\t<div class=\"elementor-widget-wrap elementor-element-populated\">\n\t\t\t\t\t\t<div class=\"elementor-element elementor-element-31c5bcf5 elementor-widget elementor-widget-heading\" data-id=\"31c5bcf5\" data-element_type=\"widget\" data-widget_type=\"heading.default\">\n\t\t\t\t<div class=\"elementor-widget-container\">\n\t\t\t<h2 class=\"elementor-heading-title elementor-size-default\">Informacje<\/h2>\t\t<\/div>\n\t\t\t\t<\/div>\n\t\t\t\t<div class=\"elementor-element elementor-element-3ce61d38 elementor-widget elementor-widget-text-editor\" data-id=\"3ce61d38\" data-element_type=\"widget\" data-widget_type=\"text-editor.default\">\n\t\t\t\t<div class=\"elementor-widget-container\">\n\t\t\t\t\t\t\t<p>P\u0142yta wyprofilowana tak, aby przypomina\u0142a klasyczn\u0105 p\u0142ytk\u0119 glinian\u0105, o wysoko\u015bci fali 24 milimetr\u00f3w, u\u017cytecznej szeroko\u015bci 1100 milimetr\u00f3w. Stosowany jest g\u0142\u00f3wnie do pokrycia budynk\u00f3w prywatnych, a ze wzgl\u0119du na bardzo lekk\u0105 wag\u0119 i \u0142atwo\u015b\u0107 instalacji, w ostatnich latach by\u0142 cz\u0119stszym wyborem ni\u017c inne materia\u0142y.<\/p><p>Blacha w kszta\u0142cie p\u0142ytki jest bardzo nowoczesnym materia\u0142em, kt\u00f3ry \u0142\u0105czy w sobie wszystkie zalety nowoczesnego materia\u0142u i walor\u00f3w estetycznych.<\/p><p>Istnieje standardowa 25-mikronowa pow\u0142oka lakiernicza i dach z 35-mikronow\u0105 matow\u0105 pow\u0142ok\u0105 lakiernicz\u0105, kt\u00f3ra zwi\u0119ksza warto\u015b\u0107 estetyczn\u0105 dachu.<\/p>\t\t\t\t\t\t<\/div>\n\t\t\t\t<\/div>\n\t\t\t\t<div class=\"elementor-element elementor-element-7489504 elementor-widget__width-auto elementor-widget-mobile__width-inherit elementor-hidden-mobile elementor-widget elementor-widget-button\" data-id=\"7489504\" data-element_type=\"widget\" data-widget_type=\"button.default\">\n\t\t\t\t<div class=\"elementor-widget-container\">\n\t\t\t\t\t<div class=\"elementor-button-wrapper\">\n\t\t\t<a class=\"elementor-button elementor-button-link elementor-size-sm\" href=\"https:\/\/nordic.hr\/wp-content\/uploads\/2024\/07\/HRSAK-TEHNICKI-CRTEZI-1.pdf\" target=\"_blank\">\n\t\t\t\t\t\t<span class=\"elementor-button-content-wrapper\">\n\t\t\t\t\t\t<span class=\"elementor-button-text\">Rysunek techniczny<\/span>\n\t\t<\/span>\n\t\t\t\t\t<\/a>\n\t\t<\/div>\n\t\t\t\t<\/div>\n\t\t\t\t<\/div>\n\t\t\t\t<div class=\"elementor-element elementor-element-4a9ec651 elementor-widget__width-auto elementor-widget-mobile__width-inherit elementor-hidden-mobile elementor-widget elementor-widget-button\" data-id=\"4a9ec651\" data-element_type=\"widget\" data-widget_type=\"button.default\">\n\t\t\t\t<div class=\"elementor-widget-container\">\n\t\t\t\t\t<div class=\"elementor-button-wrapper\">\n\t\t\t<a class=\"elementor-button elementor-button-link elementor-size-sm\" href=\"https:\/\/nordic.hr\/pl\/kontakt\/\">\n\t\t\t\t\t\t<span class=\"elementor-button-content-wrapper\">\n\t\t\t\t\t\t<span class=\"elementor-button-text\">Wy\u015blij zapytanie<\/span>\n\t\t<\/span>\n\t\t\t\t\t<\/a>\n\t\t<\/div>\n\t\t\t\t<\/div>\n\t\t\t\t<\/div>\n\t\t\t\t\t<\/div>\n\t\t<\/div>\n\t\t\t\t<div class=\"elementor-column elementor-col-50 elementor-top-column elementor-element elementor-element-3311315a\" data-id=\"3311315a\" data-element_type=\"column\">\n\t\t\t<div class=\"elementor-widget-wrap elementor-element-populated\">\n\t\t\t\t\t\t<div class=\"elementor-element elementor-element-235f89c elementor-widget elementor-widget-gallery\" data-id=\"235f89c\" data-element_type=\"widget\" data-settings=\"{&quot;columns&quot;:2,&quot;lazyload&quot;:&quot;yes&quot;,&quot;gallery_layout&quot;:&quot;grid&quot;,&quot;columns_tablet&quot;:2,&quot;columns_mobile&quot;:1,&quot;gap&quot;:{&quot;unit&quot;:&quot;px&quot;,&quot;size&quot;:10,&quot;sizes&quot;:[]},&quot;gap_tablet&quot;:{&quot;unit&quot;:&quot;px&quot;,&quot;size&quot;:10,&quot;sizes&quot;:[]},&quot;gap_mobile&quot;:{&quot;unit&quot;:&quot;px&quot;,&quot;size&quot;:10,&quot;sizes&quot;:[]},&quot;link_to&quot;:&quot;file&quot;,&quot;aspect_ratio&quot;:&quot;3:2&quot;,&quot;overlay_background&quot;:&quot;yes&quot;,&quot;content_hover_animation&quot;:&quot;fade-in&quot;}\" data-widget_type=\"gallery.default\">\n\t\t\t\t<div class=\"elementor-widget-container\">\n\t\t\t\t\t<div class=\"elementor-gallery__container\">\n\t\t\t\t\t\t\t<a class=\"e-gallery-item elementor-gallery-item elementor-animated-content\" href=\"https:\/\/nordic.hr\/wp-content\/uploads\/2024\/07\/1A-CRIJEP_000.png\" data-elementor-open-lightbox=\"yes\" data-elementor-lightbox-slideshow=\"235f89c\" data-elementor-lightbox-title=\"1A - CRIJEP_000\" data-e-action-hash=\"#elementor-action%3Aaction%3Dlightbox%26settings%3DeyJpZCI6MTc4MSwidXJsIjoiaHR0cHM6XC9cL25vcmRpYy5oclwvd3AtY29udGVudFwvdXBsb2Fkc1wvMjAyNFwvMDdcLzFBLUNSSUpFUF8wMDAucG5nIiwic2xpZGVzaG93IjoiMjM1Zjg5YyJ9\">\n\t\t\t\t\t<div class=\"e-gallery-image elementor-gallery-item__image\" data-thumbnail=\"https:\/\/nordic.hr\/wp-content\/uploads\/2024\/07\/1A-CRIJEP_000.png\" data-width=\"1920\" data-height=\"1080\" aria-label=\"\" role=\"img\" ><\/div>\n\t\t\t\t\t\t\t\t\t\t\t<div class=\"elementor-gallery-item__overlay\"><\/div>\n\t\t\t\t\t\t\t\t\t\t\t\t\t\t<\/a>\n\t\t\t\t\t\t\t<a class=\"e-gallery-item elementor-gallery-item elementor-animated-content\" href=\"https:\/\/nordic.hr\/wp-content\/uploads\/2024\/07\/1B-CRIJEP.png\" data-elementor-open-lightbox=\"yes\" data-elementor-lightbox-slideshow=\"235f89c\" data-elementor-lightbox-title=\"1B - CRIJEP\" data-e-action-hash=\"#elementor-action%3Aaction%3Dlightbox%26settings%3DeyJpZCI6MTc4NSwidXJsIjoiaHR0cHM6XC9cL25vcmRpYy5oclwvd3AtY29udGVudFwvdXBsb2Fkc1wvMjAyNFwvMDdcLzFCLUNSSUpFUC5wbmciLCJzbGlkZXNob3ciOiIyMzVmODljIn0%3D\">\n\t\t\t\t\t<div class=\"e-gallery-image elementor-gallery-item__image\" data-thumbnail=\"https:\/\/nordic.hr\/wp-content\/uploads\/2024\/07\/1B-CRIJEP.png\" data-width=\"1920\" data-height=\"1080\" aria-label=\"\" role=\"img\" ><\/div>\n\t\t\t\t\t\t\t\t\t\t\t<div class=\"elementor-gallery-item__overlay\"><\/div>\n\t\t\t\t\t\t\t\t\t\t\t\t\t\t<\/a>\n\t\t\t\t\t<\/div>\n\t\t\t<\/div>\n\t\t\t\t<\/div>\n\t\t\t\t<div class=\"elementor-element elementor-element-12899d1e elementor-widget__width-auto elementor-widget-mobile__width-inherit elementor-hidden-desktop elementor-hidden-tablet elementor-widget elementor-widget-button\" data-id=\"12899d1e\" data-element_type=\"widget\" data-widget_type=\"button.default\">\n\t\t\t\t<div class=\"elementor-widget-container\">\n\t\t\t\t\t<div class=\"elementor-button-wrapper\">\n\t\t\t<a class=\"elementor-button elementor-button-link elementor-size-sm\" href=\"https:\/\/nordic.hr\/wp-content\/uploads\/2024\/07\/HRSAK-TEHNICKI-CRTEZI-1.pdf\" target=\"_blank\">\n\t\t\t\t\t\t<span class=\"elementor-button-content-wrapper\">\n\t\t\t\t\t\t<span class=\"elementor-button-text\">Rysunek techniczny<\/span>\n\t\t<\/span>\n\t\t\t\t\t<\/a>\n\t\t<\/div>\n\t\t\t\t<\/div>\n\t\t\t\t<\/div>\n\t\t\t\t<div class=\"elementor-element elementor-element-17db7156 elementor-widget__width-auto elementor-widget-mobile__width-inherit elementor-hidden-desktop elementor-hidden-tablet elementor-widget elementor-widget-button\" data-id=\"17db7156\" data-element_type=\"widget\" data-widget_type=\"button.default\">\n\t\t\t\t<div class=\"elementor-widget-container\">\n\t\t\t\t\t<div class=\"elementor-button-wrapper\">\n\t\t\t<a class=\"elementor-button elementor-button-link elementor-size-sm\" href=\"https:\/\/nordic.hr\/pl\/kontakt\/\">\n\t\t\t\t\t\t<span class=\"elementor-button-content-wrapper\">\n\t\t\t\t\t\t<span class=\"elementor-button-text\">Wy\u015blij zapytanie<\/span>\n\t\t<\/span>\n\t\t\t\t\t<\/a>\n\t\t<\/div>\n\t\t\t\t<\/div>\n\t\t\t\t<\/div>\n\t\t\t\t\t<\/div>\n\t\t<\/div>\n\t\t\t\t\t<\/div>\n\t\t<\/section>\n\t\t\t\t<\/div>","protected":false},"excerpt":{"rendered":"<p>Informacje Wapno profilowane tak, aby wygl\u0105d przypomina\u0142 klasyczn\u0105 p\u0142ytk\u0119 glinian\u0105, wysoko\u015b\u0107 fali 24 milimetry, u\u017cyteczna szeroko\u015b\u0107 1100 milimetr\u00f3w. Stosowany jest g\u0142\u00f3wnie do pokrycia budynk\u00f3w prywatnych, a ze wzgl\u0119du na bardzo lekk\u0105 wag\u0119 i \u0142atwo\u015b\u0107 instalacji, w ostatnich latach by\u0142 cz\u0119stszym wyborem ni\u017c inne materia\u0142y. Blacha w kszta\u0142cie p\u0142ytki jest bardzo nowoczesnym materia\u0142em, kt\u00f3ry \u0142\u0105czy w sobie wszystkie zalety nowoczesnego [...]<\/p>","protected":false},"author":1,"featured_media":0,"parent":0,"menu_order":0,"comment_status":"closed","ping_status":"closed","template":"elementor_header_footer","meta":{"footnotes":""},"yoast_head":"<!-- This site is optimized with the Yoast SEO plugin v23.5 - https:\/\/yoast.com\/wordpress\/plugins\/seo\/ -->\n<title>Lim u obliku crijepa CR 24 - Nordic<\/title>\n<meta name=\"robots\" content=\"index, follow, max-snippet:-1, max-image-preview:large, max-video-preview:-1\" \/>\n<link rel=\"canonical\" href=\"https:\/\/nordic.hr\/pl\/lim-u-obliku-crijepa-cr-24\/\" \/>\n<meta property=\"og:locale\" content=\"pl_PL\" \/>\n<meta property=\"og:type\" content=\"article\" \/>\n<meta property=\"og:title\" content=\"Lim u obliku crijepa CR 24 - Nordic\" \/>\n<meta property=\"og:description\" content=\"Informacije Lim profiliran tako da izgledom podsje\u0107a na klasi\u010dni glineni crijep, visine vala 24 milimetra, korisne \u0161irine 1100 milimetara. Koristi se ve\u0107inski za prekrivanje privatnih objekata, a zbog vrlo male te\u017eine i jednostavnosti ugradnje je posljednjih godina \u010de\u0161\u0107i izbor od drugih materijala. Lim u obliku crijepa je vrlo moderan materijal koji spaja sve prednosti modernog [&hellip;]\" \/>\n<meta property=\"og:url\" content=\"https:\/\/nordic.hr\/pl\/lim-u-obliku-crijepa-cr-24\/\" \/>\n<meta property=\"og:site_name\" content=\"Nordic\" \/>\n<meta property=\"article:modified_time\" content=\"2024-07-03T14:43:49+00:00\" \/>\n<meta name=\"twitter:card\" content=\"summary_large_image\" \/>\n<meta name=\"twitter:label1\" content=\"Szacowany czas czytania\" \/>\n\t<meta name=\"twitter:data1\" content=\"1 minuta\" \/>\n<script type=\"application\/ld+json\" class=\"yoast-schema-graph\">{\"@context\":\"https:\/\/schema.org\",\"@graph\":[{\"@type\":\"WebPage\",\"@id\":\"https:\/\/nordic.hr\/lim-u-obliku-crijepa-cr-24\/\",\"url\":\"https:\/\/nordic.hr\/lim-u-obliku-crijepa-cr-24\/\",\"name\":\"Lim u obliku crijepa CR 24 - Nordic\",\"isPartOf\":{\"@id\":\"https:\/\/nordic.hr\/#website\"},\"datePublished\":\"2024-01-30T13:40:48+00:00\",\"dateModified\":\"2024-07-03T14:43:49+00:00\",\"breadcrumb\":{\"@id\":\"https:\/\/nordic.hr\/lim-u-obliku-crijepa-cr-24\/#breadcrumb\"},\"inLanguage\":\"pl-PL\",\"potentialAction\":[{\"@type\":\"ReadAction\",\"target\":[\"https:\/\/nordic.hr\/lim-u-obliku-crijepa-cr-24\/\"]}]},{\"@type\":\"BreadcrumbList\",\"@id\":\"https:\/\/nordic.hr\/lim-u-obliku-crijepa-cr-24\/#breadcrumb\",\"itemListElement\":[{\"@type\":\"ListItem\",\"position\":1,\"name\":\"Po\u010detna stranica\",\"item\":\"https:\/\/nordic.hr\/naslovna\/\"},{\"@type\":\"ListItem\",\"position\":2,\"name\":\"Lim u obliku crijepa CR 24\"}]},{\"@type\":\"WebSite\",\"@id\":\"https:\/\/nordic.hr\/#website\",\"url\":\"https:\/\/nordic.hr\/\",\"name\":\"Nordic\",\"description\":\"\",\"publisher\":{\"@id\":\"https:\/\/nordic.hr\/#organization\"},\"potentialAction\":[{\"@type\":\"SearchAction\",\"target\":{\"@type\":\"EntryPoint\",\"urlTemplate\":\"https:\/\/nordic.hr\/?s={search_term_string}\"},\"query-input\":{\"@type\":\"PropertyValueSpecification\",\"valueRequired\":true,\"valueName\":\"search_term_string\"}}],\"inLanguage\":\"pl-PL\"},{\"@type\":\"Organization\",\"@id\":\"https:\/\/nordic.hr\/#organization\",\"name\":\"Nordic\",\"url\":\"https:\/\/nordic.hr\/\",\"logo\":{\"@type\":\"ImageObject\",\"inLanguage\":\"pl-PL\",\"@id\":\"https:\/\/nordic.hr\/#\/schema\/logo\/image\/\",\"url\":\"https:\/\/nordic.hr\/wp-content\/uploads\/2024\/01\/Logo-2024.png\",\"contentUrl\":\"https:\/\/nordic.hr\/wp-content\/uploads\/2024\/01\/Logo-2024.png\",\"width\":1101,\"height\":285,\"caption\":\"Nordic\"},\"image\":{\"@id\":\"https:\/\/nordic.hr\/#\/schema\/logo\/image\/\"}}]}<\/script>\n<!-- \/ Yoast SEO plugin. -->","yoast_head_json":{"title":"Lim u obliku crijepa CR 24 - Nordic","robots":{"index":"index","follow":"follow","max-snippet":"max-snippet:-1","max-image-preview":"max-image-preview:large","max-video-preview":"max-video-preview:-1"},"canonical":"https:\/\/nordic.hr\/pl\/lim-u-obliku-crijepa-cr-24\/","og_locale":"pl_PL","og_type":"article","og_title":"Lim u obliku crijepa CR 24 - Nordic","og_description":"Informacije Lim profiliran tako da izgledom podsje\u0107a na klasi\u010dni glineni crijep, visine vala 24 milimetra, korisne \u0161irine 1100 milimetara. Koristi se ve\u0107inski za prekrivanje privatnih objekata, a zbog vrlo male te\u017eine i jednostavnosti ugradnje je posljednjih godina \u010de\u0161\u0107i izbor od drugih materijala. Lim u obliku crijepa je vrlo moderan materijal koji spaja sve prednosti modernog [&hellip;]","og_url":"https:\/\/nordic.hr\/pl\/lim-u-obliku-crijepa-cr-24\/","og_site_name":"Nordic","article_modified_time":"2024-07-03T14:43:49+00:00","twitter_card":"summary_large_image","twitter_misc":{"Szacowany czas czytania":"1 minuta"},"schema":{"@context":"https:\/\/schema.org","@graph":[{"@type":"WebPage","@id":"https:\/\/nordic.hr\/lim-u-obliku-crijepa-cr-24\/","url":"https:\/\/nordic.hr\/lim-u-obliku-crijepa-cr-24\/","name":"Lim u obliku crijepa CR 24 - Nordic","isPartOf":{"@id":"https:\/\/nordic.hr\/#website"},"datePublished":"2024-01-30T13:40:48+00:00","dateModified":"2024-07-03T14:43:49+00:00","breadcrumb":{"@id":"https:\/\/nordic.hr\/lim-u-obliku-crijepa-cr-24\/#breadcrumb"},"inLanguage":"pl-PL","potentialAction":[{"@type":"ReadAction","target":["https:\/\/nordic.hr\/lim-u-obliku-crijepa-cr-24\/"]}]},{"@type":"BreadcrumbList","@id":"https:\/\/nordic.hr\/lim-u-obliku-crijepa-cr-24\/#breadcrumb","itemListElement":[{"@type":"ListItem","position":1,"name":"Po\u010detna stranica","item":"https:\/\/nordic.hr\/naslovna\/"},{"@type":"ListItem","position":2,"name":"Lim u obliku crijepa CR 24"}]},{"@type":"WebSite","@id":"https:\/\/nordic.hr\/#website","url":"https:\/\/nordic.hr\/","name":"Nordic","description":"","publisher":{"@id":"https:\/\/nordic.hr\/#organization"},"potentialAction":[{"@type":"SearchAction","target":{"@type":"EntryPoint","urlTemplate":"https:\/\/nordic.hr\/?s={search_term_string}"},"query-input":{"@type":"PropertyValueSpecification","valueRequired":true,"valueName":"search_term_string"}}],"inLanguage":"pl-PL"},{"@type":"Organization","@id":"https:\/\/nordic.hr\/#organization","name":"Nordic","url":"https:\/\/nordic.hr\/","logo":{"@type":"ImageObject","inLanguage":"pl-PL","@id":"https:\/\/nordic.hr\/#\/schema\/logo\/image\/","url":"https:\/\/nordic.hr\/wp-content\/uploads\/2024\/01\/Logo-2024.png","contentUrl":"https:\/\/nordic.hr\/wp-content\/uploads\/2024\/01\/Logo-2024.png","width":1101,"height":285,"caption":"Nordic"},"image":{"@id":"https:\/\/nordic.hr\/#\/schema\/logo\/image\/"}}]}},"jetpack_sharing_enabled":true,"_links":{"self":[{"href":"https:\/\/nordic.hr\/pl\/wp-json\/wp\/v2\/pages\/466"}],"collection":[{"href":"https:\/\/nordic.hr\/pl\/wp-json\/wp\/v2\/pages"}],"about":[{"href":"https:\/\/nordic.hr\/pl\/wp-json\/wp\/v2\/types\/page"}],"author":[{"embeddable":true,"href":"https:\/\/nordic.hr\/pl\/wp-json\/wp\/v2\/users\/1"}],"replies":[{"embeddable":true,"href":"https:\/\/nordic.hr\/pl\/wp-json\/wp\/v2\/comments?post=466"}],"version-history":[{"count":7,"href":"https:\/\/nordic.hr\/pl\/wp-json\/wp\/v2\/pages\/466\/revisions"}],"predecessor-version":[{"id":1791,"href":"https:\/\/nordic.hr\/pl\/wp-json\/wp\/v2\/pages\/466\/revisions\/1791"}],"wp:attachment":[{"href":"https:\/\/nordic.hr\/pl\/wp-json\/wp\/v2\/media?parent=466"}],"curies":[{"name":"wp","href":"https:\/\/api.w.org\/{rel}","templated":true}]}}