{"id":467,"date":"2024-01-30T14:40:36","date_gmt":"2024-01-30T13:40:36","guid":{"rendered":"https:\/\/nordic.hr\/?page_id=467"},"modified":"2024-07-03T16:43:50","modified_gmt":"2024-07-03T14:43:50","slug":"modulos-modularne-ploce","status":"publish","type":"page","link":"https:\/\/nordic.hr\/hu\/modulos-modularne-ploce\/","title":{"rendered":"Modulos modul\u00e1ris panelek"},"content":{"rendered":"<div data-elementor-type=\"wp-page\" data-elementor-id=\"467\" class=\"elementor elementor-467\" data-elementor-post-type=\"page\">\n\t\t\t\t\t\t<section class=\"elementor-section elementor-top-section elementor-element elementor-element-642f5977 elementor-section-height-min-height elementor-section-boxed elementor-section-height-default elementor-section-items-middle\" data-id=\"642f5977\" data-element_type=\"section\" data-settings=\"{&quot;background_background&quot;:&quot;classic&quot;}\">\n\t\t\t\t\t\t\t<div class=\"elementor-background-overlay\"><\/div>\n\t\t\t\t\t\t\t<div class=\"elementor-container elementor-column-gap-default\">\n\t\t\t\t\t<div class=\"elementor-column elementor-col-100 elementor-top-column elementor-element elementor-element-833dbb9\" data-id=\"833dbb9\" data-element_type=\"column\">\n\t\t\t<div class=\"elementor-widget-wrap elementor-element-populated\">\n\t\t\t\t\t\t<div class=\"elementor-element elementor-element-7ef42864 elementor-widget elementor-widget-heading\" data-id=\"7ef42864\" data-element_type=\"widget\" data-widget_type=\"heading.default\">\n\t\t\t\t<div class=\"elementor-widget-container\">\n\t\t\t<h2 class=\"elementor-heading-title elementor-size-default\">Modulos modul\u00e1ris panelek<\/h2>\t\t<\/div>\n\t\t\t\t<\/div>\n\t\t\t\t\t<\/div>\n\t\t<\/div>\n\t\t\t\t\t<\/div>\n\t\t<\/section>\n\t\t\t\t<section class=\"elementor-section elementor-top-section elementor-element elementor-element-22d29c0 elementor-section-boxed elementor-section-height-default elementor-section-height-default\" data-id=\"22d29c0\" data-element_type=\"section\">\n\t\t\t\t\t\t<div class=\"elementor-container elementor-column-gap-default\">\n\t\t\t\t\t<div class=\"elementor-column elementor-col-50 elementor-top-column elementor-element elementor-element-62b9c18b\" data-id=\"62b9c18b\" data-element_type=\"column\">\n\t\t\t<div class=\"elementor-widget-wrap elementor-element-populated\">\n\t\t\t\t\t\t<div class=\"elementor-element elementor-element-424a63c6 elementor-widget elementor-widget-heading\" data-id=\"424a63c6\" data-element_type=\"widget\" data-widget_type=\"heading.default\">\n\t\t\t\t<div class=\"elementor-widget-container\">\n\t\t\t<h2 class=\"elementor-heading-title elementor-size-default\">Inform\u00e1ci\u00f3k<\/h2>\t\t<\/div>\n\t\t\t\t<\/div>\n\t\t\t\t<div class=\"elementor-element elementor-element-3a561bec elementor-widget elementor-widget-text-editor\" data-id=\"3a561bec\" data-element_type=\"widget\" data-widget_type=\"text-editor.default\">\n\t\t\t\t<div class=\"elementor-widget-container\">\n\t\t\t\t\t\t\t<p>MODULOS modul\u00e1ris paneleket hoztunk l\u00e9tre annak \u00e9rdek\u00e9ben, hogy \u00fcgyfeleink sz\u00e1m\u00e1ra rugalmass\u00e1got \u00e9s egyszer\u0171s\u00e9get biztos\u00edtsunk saj\u00e1t telep\u00edt\u00e9s\u00fck sor\u00e1n. A csempe profilozott, hogy hasonl\u00edtson egy klasszikus agyag csempe, egy modul hossza 35 centim\u00e9ter.<\/p><p>Nagyon egyszer\u0171 \u00e9s intuit\u00edv telep\u00edt\u00e9s, \u00e9s k\u00e9r\u00e9sre \u00fcgyfeleinknek utas\u00edt\u00e1sokat adunk az \u00f6nszerel\u00e9shez.<\/p>\t\t\t\t\t\t<\/div>\n\t\t\t\t<\/div>\n\t\t\t\t<div class=\"elementor-element elementor-element-2fe91e65 elementor-widget__width-auto elementor-widget-mobile__width-inherit elementor-hidden-mobile elementor-widget elementor-widget-button\" data-id=\"2fe91e65\" data-element_type=\"widget\" data-widget_type=\"button.default\">\n\t\t\t\t<div class=\"elementor-widget-container\">\n\t\t\t\t\t<div class=\"elementor-button-wrapper\">\n\t\t\t<a class=\"elementor-button elementor-button-link elementor-size-sm\" href=\"https:\/\/nordic.hr\/wp-content\/uploads\/2024\/07\/HRSAK-TEHNICKI-CRTEZI-2.pdf\" target=\"_blank\">\n\t\t\t\t\t\t<span class=\"elementor-button-content-wrapper\">\n\t\t\t\t\t\t<span class=\"elementor-button-text\">M\u0171szaki rajz<\/span>\n\t\t<\/span>\n\t\t\t\t\t<\/a>\n\t\t<\/div>\n\t\t\t\t<\/div>\n\t\t\t\t<\/div>\n\t\t\t\t<div class=\"elementor-element elementor-element-a93df28 elementor-widget__width-auto elementor-widget-mobile__width-inherit elementor-hidden-mobile elementor-widget elementor-widget-button\" data-id=\"a93df28\" data-element_type=\"widget\" data-widget_type=\"button.default\">\n\t\t\t\t<div class=\"elementor-widget-container\">\n\t\t\t\t\t<div class=\"elementor-button-wrapper\">\n\t\t\t<a class=\"elementor-button elementor-button-link elementor-size-sm\" href=\"https:\/\/nordic.hr\/hu\/kontakt\/\">\n\t\t\t\t\t\t<span class=\"elementor-button-content-wrapper\">\n\t\t\t\t\t\t<span class=\"elementor-button-text\">\u00c9rdekl\u0151d\u00e9s k\u00fcld\u00e9se<\/span>\n\t\t<\/span>\n\t\t\t\t\t<\/a>\n\t\t<\/div>\n\t\t\t\t<\/div>\n\t\t\t\t<\/div>\n\t\t\t\t\t<\/div>\n\t\t<\/div>\n\t\t\t\t<div class=\"elementor-column elementor-col-50 elementor-top-column elementor-element elementor-element-60f6c997\" data-id=\"60f6c997\" data-element_type=\"column\">\n\t\t\t<div class=\"elementor-widget-wrap elementor-element-populated\">\n\t\t\t\t\t\t<div class=\"elementor-element elementor-element-d29c643 elementor-widget elementor-widget-gallery\" data-id=\"d29c643\" data-element_type=\"widget\" data-settings=\"{&quot;columns&quot;:2,&quot;lazyload&quot;:&quot;yes&quot;,&quot;gallery_layout&quot;:&quot;grid&quot;,&quot;columns_tablet&quot;:2,&quot;columns_mobile&quot;:1,&quot;gap&quot;:{&quot;unit&quot;:&quot;px&quot;,&quot;size&quot;:10,&quot;sizes&quot;:[]},&quot;gap_tablet&quot;:{&quot;unit&quot;:&quot;px&quot;,&quot;size&quot;:10,&quot;sizes&quot;:[]},&quot;gap_mobile&quot;:{&quot;unit&quot;:&quot;px&quot;,&quot;size&quot;:10,&quot;sizes&quot;:[]},&quot;link_to&quot;:&quot;file&quot;,&quot;aspect_ratio&quot;:&quot;3:2&quot;,&quot;overlay_background&quot;:&quot;yes&quot;,&quot;content_hover_animation&quot;:&quot;fade-in&quot;}\" data-widget_type=\"gallery.default\">\n\t\t\t\t<div class=\"elementor-widget-container\">\n\t\t\t\t\t<div class=\"elementor-gallery__container\">\n\t\t\t\t\t\t\t<a class=\"e-gallery-item elementor-gallery-item elementor-animated-content\" href=\"https:\/\/nordic.hr\/wp-content\/uploads\/2024\/07\/2A-MODULOS.png\" data-elementor-open-lightbox=\"yes\" data-elementor-lightbox-slideshow=\"d29c643\" data-elementor-lightbox-title=\"2A - MODULOS\" data-e-action-hash=\"#elementor-action%3Aaction%3Dlightbox%26settings%3DeyJpZCI6MTcxMywidXJsIjoiaHR0cHM6XC9cL25vcmRpYy5oclwvd3AtY29udGVudFwvdXBsb2Fkc1wvMjAyNFwvMDdcLzJBLU1PRFVMT1MucG5nIiwic2xpZGVzaG93IjoiZDI5YzY0MyJ9\">\n\t\t\t\t\t<div class=\"e-gallery-image elementor-gallery-item__image\" data-thumbnail=\"https:\/\/nordic.hr\/wp-content\/uploads\/2024\/07\/2A-MODULOS.png\" data-width=\"1920\" data-height=\"1080\" aria-label=\"\" role=\"img\" ><\/div>\n\t\t\t\t\t\t\t\t\t\t\t<div class=\"elementor-gallery-item__overlay\"><\/div>\n\t\t\t\t\t\t\t\t\t\t\t\t\t\t<\/a>\n\t\t\t\t\t\t\t<a class=\"e-gallery-item elementor-gallery-item elementor-animated-content\" href=\"https:\/\/nordic.hr\/wp-content\/uploads\/2024\/07\/2B-MODULOS.png\" data-elementor-open-lightbox=\"yes\" data-elementor-lightbox-slideshow=\"d29c643\" data-elementor-lightbox-title=\"2B - MODULOS\" data-e-action-hash=\"#elementor-action%3Aaction%3Dlightbox%26settings%3DeyJpZCI6MTcyNiwidXJsIjoiaHR0cHM6XC9cL25vcmRpYy5oclwvd3AtY29udGVudFwvdXBsb2Fkc1wvMjAyNFwvMDdcLzJCLU1PRFVMT1MucG5nIiwic2xpZGVzaG93IjoiZDI5YzY0MyJ9\">\n\t\t\t\t\t<div class=\"e-gallery-image elementor-gallery-item__image\" data-thumbnail=\"https:\/\/nordic.hr\/wp-content\/uploads\/2024\/07\/2B-MODULOS.png\" data-width=\"1920\" data-height=\"1080\" aria-label=\"\" role=\"img\" ><\/div>\n\t\t\t\t\t\t\t\t\t\t\t<div class=\"elementor-gallery-item__overlay\"><\/div>\n\t\t\t\t\t\t\t\t\t\t\t\t\t\t<\/a>\n\t\t\t\t\t<\/div>\n\t\t\t<\/div>\n\t\t\t\t<\/div>\n\t\t\t\t<div class=\"elementor-element elementor-element-3727066 elementor-widget__width-auto elementor-widget-mobile__width-inherit elementor-hidden-desktop elementor-hidden-tablet elementor-widget elementor-widget-button\" data-id=\"3727066\" data-element_type=\"widget\" data-widget_type=\"button.default\">\n\t\t\t\t<div class=\"elementor-widget-container\">\n\t\t\t\t\t<div class=\"elementor-button-wrapper\">\n\t\t\t<a class=\"elementor-button elementor-button-link elementor-size-sm\" href=\"https:\/\/nordic.hr\/wp-content\/uploads\/2024\/07\/HRSAK-TEHNICKI-CRTEZI-2.pdf\" target=\"_blank\">\n\t\t\t\t\t\t<span class=\"elementor-button-content-wrapper\">\n\t\t\t\t\t\t<span class=\"elementor-button-text\">M\u0171szaki rajz<\/span>\n\t\t<\/span>\n\t\t\t\t\t<\/a>\n\t\t<\/div>\n\t\t\t\t<\/div>\n\t\t\t\t<\/div>\n\t\t\t\t<div class=\"elementor-element elementor-element-dbc189d elementor-widget__width-auto elementor-widget-mobile__width-inherit elementor-hidden-desktop elementor-hidden-tablet elementor-widget elementor-widget-button\" data-id=\"dbc189d\" data-element_type=\"widget\" data-widget_type=\"button.default\">\n\t\t\t\t<div class=\"elementor-widget-container\">\n\t\t\t\t\t<div class=\"elementor-button-wrapper\">\n\t\t\t<a class=\"elementor-button elementor-button-link elementor-size-sm\" href=\"https:\/\/nordic.hr\/hu\/kontakt\/\">\n\t\t\t\t\t\t<span class=\"elementor-button-content-wrapper\">\n\t\t\t\t\t\t<span class=\"elementor-button-text\">\u00c9rdekl\u0151d\u00e9s k\u00fcld\u00e9se<\/span>\n\t\t<\/span>\n\t\t\t\t\t<\/a>\n\t\t<\/div>\n\t\t\t\t<\/div>\n\t\t\t\t<\/div>\n\t\t\t\t\t<\/div>\n\t\t<\/div>\n\t\t\t\t\t<\/div>\n\t\t<\/section>\n\t\t\t\t<\/div>","protected":false},"excerpt":{"rendered":"<p>A MODULOS modul\u00e1ris panel inform\u00e1ci\u00f3it az\u00e9rt hoztuk l\u00e9tre, hogy \u00fcgyfeleink sz\u00e1m\u00e1ra rugalmass\u00e1got \u00e9s egyszer\u0171s\u00e9get biztos\u00edtsunk saj\u00e1t telep\u00edt\u00e9s\u00fck sor\u00e1n. A csempe profilozott, hogy hasonl\u00edtson egy klasszikus agyag csempe, egy modul hossza 35 centim\u00e9ter. Nagyon egyszer\u0171 \u00e9s intuit\u00edv telep\u00edt\u00e9s, \u00e9s k\u00e9r\u00e9sre \u00fcgyfeleinknek utas\u00edt\u00e1sokat adunk az \u00f6nszerel\u00e9shez. M\u0171szaki rajz \u00c9rdekl\u0151d\u00e9s k\u00fcld\u00e9se [...]<\/p>","protected":false},"author":1,"featured_media":0,"parent":0,"menu_order":0,"comment_status":"closed","ping_status":"closed","template":"elementor_header_footer","meta":{"footnotes":""},"yoast_head":"<!-- This site is optimized with the Yoast SEO plugin v23.5 - https:\/\/yoast.com\/wordpress\/plugins\/seo\/ -->\n<title>Modulos modularne plo\u010de - Nordic<\/title>\n<meta name=\"robots\" content=\"index, follow, max-snippet:-1, max-image-preview:large, max-video-preview:-1\" \/>\n<link rel=\"canonical\" href=\"https:\/\/nordic.hr\/hu\/modulos-modularne-ploce\/\" \/>\n<meta property=\"og:locale\" content=\"hu_HU\" \/>\n<meta property=\"og:type\" content=\"article\" \/>\n<meta property=\"og:title\" content=\"Modulos modularne plo\u010de - Nordic\" \/>\n<meta property=\"og:description\" content=\"Informacije MODULOS modularne plo\u010de kreirali smo u \u017eelji da na\u0161im kupcima pru\u017eimo fleksibilnost i jednostavnost prilikom vlastite ugradnje. Lim profiliran tako da izgledom podsje\u0107a na klasi\u010dan glineni crijep, du\u017eine modula od 35 centimetara. Vrlo jednostavne i intuitivne ugradnje, a na zahtjev na\u0161im kupcima na uvid dostavljamo i upute za samostalnu monta\u017eu. Tehni\u010dki crte\u017e Po\u0161aljite upit [&hellip;]\" \/>\n<meta property=\"og:url\" content=\"https:\/\/nordic.hr\/hu\/modulos-modularne-ploce\/\" \/>\n<meta property=\"og:site_name\" content=\"Nordic\" \/>\n<meta property=\"article:modified_time\" content=\"2024-07-03T14:43:50+00:00\" \/>\n<meta name=\"twitter:card\" content=\"summary_large_image\" \/>\n<meta name=\"twitter:label1\" content=\"Becs\u00fclt olvas\u00e1si id\u0151\" \/>\n\t<meta name=\"twitter:data1\" content=\"1 perc\" \/>\n<script type=\"application\/ld+json\" class=\"yoast-schema-graph\">{\"@context\":\"https:\/\/schema.org\",\"@graph\":[{\"@type\":\"WebPage\",\"@id\":\"https:\/\/nordic.hr\/modulos-modularne-ploce\/\",\"url\":\"https:\/\/nordic.hr\/modulos-modularne-ploce\/\",\"name\":\"Modulos modularne plo\u010de - Nordic\",\"isPartOf\":{\"@id\":\"https:\/\/nordic.hr\/#website\"},\"datePublished\":\"2024-01-30T13:40:36+00:00\",\"dateModified\":\"2024-07-03T14:43:50+00:00\",\"breadcrumb\":{\"@id\":\"https:\/\/nordic.hr\/modulos-modularne-ploce\/#breadcrumb\"},\"inLanguage\":\"hu\",\"potentialAction\":[{\"@type\":\"ReadAction\",\"target\":[\"https:\/\/nordic.hr\/modulos-modularne-ploce\/\"]}]},{\"@type\":\"BreadcrumbList\",\"@id\":\"https:\/\/nordic.hr\/modulos-modularne-ploce\/#breadcrumb\",\"itemListElement\":[{\"@type\":\"ListItem\",\"position\":1,\"name\":\"Po\u010detna stranica\",\"item\":\"https:\/\/nordic.hr\/naslovna\/\"},{\"@type\":\"ListItem\",\"position\":2,\"name\":\"Modulos modularne plo\u010de\"}]},{\"@type\":\"WebSite\",\"@id\":\"https:\/\/nordic.hr\/#website\",\"url\":\"https:\/\/nordic.hr\/\",\"name\":\"Nordic\",\"description\":\"\",\"publisher\":{\"@id\":\"https:\/\/nordic.hr\/#organization\"},\"potentialAction\":[{\"@type\":\"SearchAction\",\"target\":{\"@type\":\"EntryPoint\",\"urlTemplate\":\"https:\/\/nordic.hr\/?s={search_term_string}\"},\"query-input\":{\"@type\":\"PropertyValueSpecification\",\"valueRequired\":true,\"valueName\":\"search_term_string\"}}],\"inLanguage\":\"hu\"},{\"@type\":\"Organization\",\"@id\":\"https:\/\/nordic.hr\/#organization\",\"name\":\"Nordic\",\"url\":\"https:\/\/nordic.hr\/\",\"logo\":{\"@type\":\"ImageObject\",\"inLanguage\":\"hu\",\"@id\":\"https:\/\/nordic.hr\/#\/schema\/logo\/image\/\",\"url\":\"https:\/\/nordic.hr\/wp-content\/uploads\/2024\/01\/Logo-2024.png\",\"contentUrl\":\"https:\/\/nordic.hr\/wp-content\/uploads\/2024\/01\/Logo-2024.png\",\"width\":1101,\"height\":285,\"caption\":\"Nordic\"},\"image\":{\"@id\":\"https:\/\/nordic.hr\/#\/schema\/logo\/image\/\"}}]}<\/script>\n<!-- \/ Yoast SEO plugin. -->","yoast_head_json":{"title":"Modulos modularne plo\u010de - Nordic","robots":{"index":"index","follow":"follow","max-snippet":"max-snippet:-1","max-image-preview":"max-image-preview:large","max-video-preview":"max-video-preview:-1"},"canonical":"https:\/\/nordic.hr\/hu\/modulos-modularne-ploce\/","og_locale":"hu_HU","og_type":"article","og_title":"Modulos modularne plo\u010de - Nordic","og_description":"Informacije MODULOS modularne plo\u010de kreirali smo u \u017eelji da na\u0161im kupcima pru\u017eimo fleksibilnost i jednostavnost prilikom vlastite ugradnje. Lim profiliran tako da izgledom podsje\u0107a na klasi\u010dan glineni crijep, du\u017eine modula od 35 centimetara. Vrlo jednostavne i intuitivne ugradnje, a na zahtjev na\u0161im kupcima na uvid dostavljamo i upute za samostalnu monta\u017eu. Tehni\u010dki crte\u017e Po\u0161aljite upit [&hellip;]","og_url":"https:\/\/nordic.hr\/hu\/modulos-modularne-ploce\/","og_site_name":"Nordic","article_modified_time":"2024-07-03T14:43:50+00:00","twitter_card":"summary_large_image","twitter_misc":{"Becs\u00fclt olvas\u00e1si id\u0151":"1 perc"},"schema":{"@context":"https:\/\/schema.org","@graph":[{"@type":"WebPage","@id":"https:\/\/nordic.hr\/modulos-modularne-ploce\/","url":"https:\/\/nordic.hr\/modulos-modularne-ploce\/","name":"Modulos modularne plo\u010de - Nordic","isPartOf":{"@id":"https:\/\/nordic.hr\/#website"},"datePublished":"2024-01-30T13:40:36+00:00","dateModified":"2024-07-03T14:43:50+00:00","breadcrumb":{"@id":"https:\/\/nordic.hr\/modulos-modularne-ploce\/#breadcrumb"},"inLanguage":"hu","potentialAction":[{"@type":"ReadAction","target":["https:\/\/nordic.hr\/modulos-modularne-ploce\/"]}]},{"@type":"BreadcrumbList","@id":"https:\/\/nordic.hr\/modulos-modularne-ploce\/#breadcrumb","itemListElement":[{"@type":"ListItem","position":1,"name":"Po\u010detna stranica","item":"https:\/\/nordic.hr\/naslovna\/"},{"@type":"ListItem","position":2,"name":"Modulos modularne plo\u010de"}]},{"@type":"WebSite","@id":"https:\/\/nordic.hr\/#website","url":"https:\/\/nordic.hr\/","name":"Nordic","description":"","publisher":{"@id":"https:\/\/nordic.hr\/#organization"},"potentialAction":[{"@type":"SearchAction","target":{"@type":"EntryPoint","urlTemplate":"https:\/\/nordic.hr\/?s={search_term_string}"},"query-input":{"@type":"PropertyValueSpecification","valueRequired":true,"valueName":"search_term_string"}}],"inLanguage":"hu"},{"@type":"Organization","@id":"https:\/\/nordic.hr\/#organization","name":"Nordic","url":"https:\/\/nordic.hr\/","logo":{"@type":"ImageObject","inLanguage":"hu","@id":"https:\/\/nordic.hr\/#\/schema\/logo\/image\/","url":"https:\/\/nordic.hr\/wp-content\/uploads\/2024\/01\/Logo-2024.png","contentUrl":"https:\/\/nordic.hr\/wp-content\/uploads\/2024\/01\/Logo-2024.png","width":1101,"height":285,"caption":"Nordic"},"image":{"@id":"https:\/\/nordic.hr\/#\/schema\/logo\/image\/"}}]}},"jetpack_sharing_enabled":true,"_links":{"self":[{"href":"https:\/\/nordic.hr\/hu\/wp-json\/wp\/v2\/pages\/467"}],"collection":[{"href":"https:\/\/nordic.hr\/hu\/wp-json\/wp\/v2\/pages"}],"about":[{"href":"https:\/\/nordic.hr\/hu\/wp-json\/wp\/v2\/types\/page"}],"author":[{"embeddable":true,"href":"https:\/\/nordic.hr\/hu\/wp-json\/wp\/v2\/users\/1"}],"replies":[{"embeddable":true,"href":"https:\/\/nordic.hr\/hu\/wp-json\/wp\/v2\/comments?post=467"}],"version-history":[{"count":13,"href":"https:\/\/nordic.hr\/hu\/wp-json\/wp\/v2\/pages\/467\/revisions"}],"predecessor-version":[{"id":1736,"href":"https:\/\/nordic.hr\/hu\/wp-json\/wp\/v2\/pages\/467\/revisions\/1736"}],"wp:attachment":[{"href":"https:\/\/nordic.hr\/hu\/wp-json\/wp\/v2\/media?parent=467"}],"curies":[{"name":"wp","href":"https:\/\/api.w.org\/{rel}","templated":true}]}}