{"id":477,"date":"2024-01-30T14:42:00","date_gmt":"2024-01-30T13:42:00","guid":{"rendered":"https:\/\/nordic.hr\/?page_id=477"},"modified":"2024-07-03T16:43:49","modified_gmt":"2024-07-03T14:43:49","slug":"fasadni-trapezni-lim-t40","status":"publish","type":"page","link":"https:\/\/nordic.hr\/de\/fasadni-trapezni-lim-t40\/","title":{"rendered":"Fassadentrapezblech T40"},"content":{"rendered":"<div data-elementor-type=\"wp-page\" data-elementor-id=\"477\" class=\"elementor elementor-477\" data-elementor-post-type=\"page\">\n\t\t\t\t\t\t<section class=\"elementor-section elementor-top-section elementor-element elementor-element-75e7c60f elementor-section-height-min-height elementor-section-boxed elementor-section-height-default elementor-section-items-middle\" data-id=\"75e7c60f\" data-element_type=\"section\" data-settings=\"{&quot;background_background&quot;:&quot;classic&quot;}\">\n\t\t\t\t\t\t\t<div class=\"elementor-background-overlay\"><\/div>\n\t\t\t\t\t\t\t<div class=\"elementor-container elementor-column-gap-default\">\n\t\t\t\t\t<div class=\"elementor-column elementor-col-100 elementor-top-column elementor-element elementor-element-3f20f461\" data-id=\"3f20f461\" data-element_type=\"column\">\n\t\t\t<div class=\"elementor-widget-wrap elementor-element-populated\">\n\t\t\t\t\t\t<div class=\"elementor-element elementor-element-5ac43f72 elementor-widget elementor-widget-heading\" data-id=\"5ac43f72\" data-element_type=\"widget\" data-widget_type=\"heading.default\">\n\t\t\t\t<div class=\"elementor-widget-container\">\n\t\t\t<h2 class=\"elementor-heading-title elementor-size-default\">Fassadentrapezblech T40<\/h2>\t\t<\/div>\n\t\t\t\t<\/div>\n\t\t\t\t\t<\/div>\n\t\t<\/div>\n\t\t\t\t\t<\/div>\n\t\t<\/section>\n\t\t\t\t<section class=\"elementor-section elementor-top-section elementor-element elementor-element-15ba0168 elementor-section-boxed elementor-section-height-default elementor-section-height-default\" data-id=\"15ba0168\" data-element_type=\"section\">\n\t\t\t\t\t\t<div class=\"elementor-container elementor-column-gap-default\">\n\t\t\t\t\t<div class=\"elementor-column elementor-col-50 elementor-top-column elementor-element elementor-element-6e7938a3\" data-id=\"6e7938a3\" data-element_type=\"column\">\n\t\t\t<div class=\"elementor-widget-wrap elementor-element-populated\">\n\t\t\t\t\t\t<div class=\"elementor-element elementor-element-13ea3beb elementor-widget elementor-widget-heading\" data-id=\"13ea3beb\" data-element_type=\"widget\" data-widget_type=\"heading.default\">\n\t\t\t\t<div class=\"elementor-widget-container\">\n\t\t\t<h2 class=\"elementor-heading-title elementor-size-default\">Informationen<\/h2>\t\t<\/div>\n\t\t\t\t<\/div>\n\t\t\t\t<div class=\"elementor-element elementor-element-66578619 elementor-widget elementor-widget-text-editor\" data-id=\"66578619\" data-element_type=\"widget\" data-widget_type=\"text-editor.default\">\n\t\t\t\t<div class=\"elementor-widget-container\">\n\t\t\t\t\t\t\t<p>Abdecken von Trapezblech, Wellenh\u00f6he 40 Millimeter, oft zur Abdeckung von Industriegeb\u00e4uden, aber auch von Privath\u00e4usern verwendet.<\/p><p>Es wird von Architekten aufgrund seiner guten technischen Eigenschaften wie Haltbarkeit und guten Tragf\u00e4higkeit sehr gesch\u00e4tzt.<\/p><p>Neben den Brettern stehen unterst\u00fctzende Zertifikate, Tragtische sowie Garantien zur Verf\u00fcgung.<\/p>\t\t\t\t\t\t<\/div>\n\t\t\t\t<\/div>\n\t\t\t\t<div class=\"elementor-element elementor-element-3d3acc97 elementor-widget__width-auto elementor-widget-mobile__width-inherit elementor-hidden-mobile elementor-widget elementor-widget-button\" data-id=\"3d3acc97\" data-element_type=\"widget\" data-widget_type=\"button.default\">\n\t\t\t\t<div class=\"elementor-widget-container\">\n\t\t\t\t\t<div class=\"elementor-button-wrapper\">\n\t\t\t<a class=\"elementor-button elementor-button-link elementor-size-sm\" href=\"https:\/\/nordic.hr\/wp-content\/uploads\/2024\/07\/HRSAK-TEHNICKI-CRTEZI-6.pdf\" target=\"_blank\">\n\t\t\t\t\t\t<span class=\"elementor-button-content-wrapper\">\n\t\t\t\t\t\t<span class=\"elementor-button-text\">Technische Zeichnung<\/span>\n\t\t<\/span>\n\t\t\t\t\t<\/a>\n\t\t<\/div>\n\t\t\t\t<\/div>\n\t\t\t\t<\/div>\n\t\t\t\t<div class=\"elementor-element elementor-element-103b3375 elementor-widget__width-auto elementor-widget-mobile__width-inherit elementor-hidden-mobile elementor-widget elementor-widget-button\" data-id=\"103b3375\" data-element_type=\"widget\" data-widget_type=\"button.default\">\n\t\t\t\t<div class=\"elementor-widget-container\">\n\t\t\t\t\t<div class=\"elementor-button-wrapper\">\n\t\t\t<a class=\"elementor-button elementor-button-link elementor-size-sm\" href=\"https:\/\/nordic.hr\/de\/kontakt\/\">\n\t\t\t\t\t\t<span class=\"elementor-button-content-wrapper\">\n\t\t\t\t\t\t<span class=\"elementor-button-text\">Anfrage senden<\/span>\n\t\t<\/span>\n\t\t\t\t\t<\/a>\n\t\t<\/div>\n\t\t\t\t<\/div>\n\t\t\t\t<\/div>\n\t\t\t\t\t<\/div>\n\t\t<\/div>\n\t\t\t\t<div class=\"elementor-column elementor-col-50 elementor-top-column elementor-element elementor-element-7d1a1996\" data-id=\"7d1a1996\" data-element_type=\"column\">\n\t\t\t<div class=\"elementor-widget-wrap elementor-element-populated\">\n\t\t\t\t\t\t<div class=\"elementor-element elementor-element-55d6b815 elementor-widget elementor-widget-gallery\" data-id=\"55d6b815\" data-element_type=\"widget\" data-settings=\"{&quot;columns&quot;:2,&quot;lazyload&quot;:&quot;yes&quot;,&quot;gallery_layout&quot;:&quot;grid&quot;,&quot;columns_tablet&quot;:2,&quot;columns_mobile&quot;:1,&quot;gap&quot;:{&quot;unit&quot;:&quot;px&quot;,&quot;size&quot;:10,&quot;sizes&quot;:[]},&quot;gap_tablet&quot;:{&quot;unit&quot;:&quot;px&quot;,&quot;size&quot;:10,&quot;sizes&quot;:[]},&quot;gap_mobile&quot;:{&quot;unit&quot;:&quot;px&quot;,&quot;size&quot;:10,&quot;sizes&quot;:[]},&quot;link_to&quot;:&quot;file&quot;,&quot;aspect_ratio&quot;:&quot;3:2&quot;,&quot;overlay_background&quot;:&quot;yes&quot;,&quot;content_hover_animation&quot;:&quot;fade-in&quot;}\" data-widget_type=\"gallery.default\">\n\t\t\t\t<div class=\"elementor-widget-container\">\n\t\t\t\t\t<div class=\"elementor-gallery__container\">\n\t\t\t\t\t\t\t<a class=\"e-gallery-item elementor-gallery-item elementor-animated-content\" href=\"https:\/\/nordic.hr\/wp-content\/uploads\/2024\/07\/6A-T40.png\" data-elementor-open-lightbox=\"yes\" data-elementor-lightbox-slideshow=\"55d6b815\" data-elementor-lightbox-title=\"6A - T40\" data-e-action-hash=\"#elementor-action%3Aaction%3Dlightbox%26settings%3DeyJpZCI6MTgyOSwidXJsIjoiaHR0cHM6XC9cL25vcmRpYy5oclwvd3AtY29udGVudFwvdXBsb2Fkc1wvMjAyNFwvMDdcLzZBLVQ0MC5wbmciLCJzbGlkZXNob3ciOiI1NWQ2YjgxNSJ9\">\n\t\t\t\t\t<div class=\"e-gallery-image elementor-gallery-item__image\" data-thumbnail=\"https:\/\/nordic.hr\/wp-content\/uploads\/2024\/07\/6A-T40.png\" data-width=\"1920\" data-height=\"1080\" aria-label=\"\" role=\"img\" ><\/div>\n\t\t\t\t\t\t\t\t\t\t\t<div class=\"elementor-gallery-item__overlay\"><\/div>\n\t\t\t\t\t\t\t\t\t\t\t\t\t\t<\/a>\n\t\t\t\t\t\t\t<a class=\"e-gallery-item elementor-gallery-item elementor-animated-content\" href=\"https:\/\/nordic.hr\/wp-content\/uploads\/2024\/07\/6B-T40.png\" data-elementor-open-lightbox=\"yes\" data-elementor-lightbox-slideshow=\"55d6b815\" data-elementor-lightbox-title=\"6B - T40\" data-e-action-hash=\"#elementor-action%3Aaction%3Dlightbox%26settings%3DeyJpZCI6MTgzMywidXJsIjoiaHR0cHM6XC9cL25vcmRpYy5oclwvd3AtY29udGVudFwvdXBsb2Fkc1wvMjAyNFwvMDdcLzZCLVQ0MC5wbmciLCJzbGlkZXNob3ciOiI1NWQ2YjgxNSJ9\">\n\t\t\t\t\t<div class=\"e-gallery-image elementor-gallery-item__image\" data-thumbnail=\"https:\/\/nordic.hr\/wp-content\/uploads\/2024\/07\/6B-T40.png\" data-width=\"1920\" data-height=\"1080\" aria-label=\"\" role=\"img\" ><\/div>\n\t\t\t\t\t\t\t\t\t\t\t<div class=\"elementor-gallery-item__overlay\"><\/div>\n\t\t\t\t\t\t\t\t\t\t\t\t\t\t<\/a>\n\t\t\t\t\t<\/div>\n\t\t\t<\/div>\n\t\t\t\t<\/div>\n\t\t\t\t<div class=\"elementor-element elementor-element-532625cc elementor-widget__width-auto elementor-widget-mobile__width-inherit elementor-hidden-desktop elementor-hidden-tablet elementor-widget elementor-widget-button\" data-id=\"532625cc\" data-element_type=\"widget\" data-widget_type=\"button.default\">\n\t\t\t\t<div class=\"elementor-widget-container\">\n\t\t\t\t\t<div class=\"elementor-button-wrapper\">\n\t\t\t<a class=\"elementor-button elementor-button-link elementor-size-sm\" href=\"https:\/\/nordic.hr\/wp-content\/uploads\/2024\/07\/HRSAK-TEHNICKI-CRTEZI-6.pdf\" target=\"_blank\">\n\t\t\t\t\t\t<span class=\"elementor-button-content-wrapper\">\n\t\t\t\t\t\t<span class=\"elementor-button-text\">Technische Zeichnung<\/span>\n\t\t<\/span>\n\t\t\t\t\t<\/a>\n\t\t<\/div>\n\t\t\t\t<\/div>\n\t\t\t\t<\/div>\n\t\t\t\t<div class=\"elementor-element elementor-element-75d10e84 elementor-widget__width-auto elementor-widget-mobile__width-inherit elementor-hidden-desktop elementor-hidden-tablet elementor-widget elementor-widget-button\" data-id=\"75d10e84\" data-element_type=\"widget\" data-widget_type=\"button.default\">\n\t\t\t\t<div class=\"elementor-widget-container\">\n\t\t\t\t\t<div class=\"elementor-button-wrapper\">\n\t\t\t<a class=\"elementor-button elementor-button-link elementor-size-sm\" href=\"https:\/\/nordic.hr\/de\/kontakt\/\">\n\t\t\t\t\t\t<span class=\"elementor-button-content-wrapper\">\n\t\t\t\t\t\t<span class=\"elementor-button-text\">Anfrage senden<\/span>\n\t\t<\/span>\n\t\t\t\t\t<\/a>\n\t\t<\/div>\n\t\t\t\t<\/div>\n\t\t\t\t<\/div>\n\t\t\t\t\t<\/div>\n\t\t<\/div>\n\t\t\t\t\t<\/div>\n\t\t<\/section>\n\t\t\t\t<\/div>","protected":false},"excerpt":{"rendered":"<p>Informationen Abdeckendes trapezf\u00f6rmiges Blech, Wellenh\u00f6he 40 Millimeter, h\u00e4ufig verwendet, um Industriegeb\u00e4ude, aber auch Privath\u00e4user abzudecken. Es wird von Architekten aufgrund seiner guten technischen Eigenschaften wie Haltbarkeit und guten Tragf\u00e4higkeit sehr gesch\u00e4tzt. Neben den Brettern stehen unterst\u00fctzende Zertifikate, Tragtische sowie Garantien zur Verf\u00fcgung. Technische Zeichnung Anfrage senden Technische Zeichnung Anfrage senden<\/p>","protected":false},"author":1,"featured_media":0,"parent":0,"menu_order":0,"comment_status":"closed","ping_status":"closed","template":"elementor_header_footer","meta":{"footnotes":""},"yoast_head":"<!-- This site is optimized with the Yoast SEO plugin v23.5 - https:\/\/yoast.com\/wordpress\/plugins\/seo\/ -->\n<title>Fasadni trapezni lim T40 - Nordic<\/title>\n<meta name=\"robots\" content=\"index, follow, max-snippet:-1, max-image-preview:large, max-video-preview:-1\" \/>\n<link rel=\"canonical\" href=\"https:\/\/nordic.hr\/de\/fasadni-trapezni-lim-t40\/\" \/>\n<meta property=\"og:locale\" content=\"de_DE\" \/>\n<meta property=\"og:type\" content=\"article\" \/>\n<meta property=\"og:title\" content=\"Fasadni trapezni lim T40 - Nordic\" \/>\n<meta property=\"og:description\" content=\"Informacije Pokrovni trapezni lim, visine vala 40 milimetara, \u010desto kori\u0161ten za pokrov industrijskih objekata, ali i privatnih ku\u0107a. Izuzetno je cijenjen od strane arhitekata zahvaljuju\u0107i svojim dobrim tehni\u010dkim karakteristikama kao \u0161to su trajnost i dobra nosivost. Uz plo\u010de su dostupni prate\u0107a uvjerenja, tablice nosivosti, kao i garancije. Tehni\u010dki crte\u017e Po\u0161aljite upit Tehni\u010dki crte\u017e Po\u0161aljite upit\" \/>\n<meta property=\"og:url\" content=\"https:\/\/nordic.hr\/de\/fasadni-trapezni-lim-t40\/\" \/>\n<meta property=\"og:site_name\" content=\"Nordic\" \/>\n<meta property=\"article:modified_time\" content=\"2024-07-03T14:43:49+00:00\" \/>\n<meta name=\"twitter:card\" content=\"summary_large_image\" \/>\n<meta name=\"twitter:label1\" content=\"Gesch\u00e4tzte Lesezeit\" \/>\n\t<meta name=\"twitter:data1\" content=\"1\u00a0Minute\" \/>\n<script type=\"application\/ld+json\" class=\"yoast-schema-graph\">{\"@context\":\"https:\/\/schema.org\",\"@graph\":[{\"@type\":\"WebPage\",\"@id\":\"https:\/\/nordic.hr\/fasadni-trapezni-lim-t40\/\",\"url\":\"https:\/\/nordic.hr\/fasadni-trapezni-lim-t40\/\",\"name\":\"Fasadni trapezni lim T40 - Nordic\",\"isPartOf\":{\"@id\":\"https:\/\/nordic.hr\/#website\"},\"datePublished\":\"2024-01-30T13:42:00+00:00\",\"dateModified\":\"2024-07-03T14:43:49+00:00\",\"breadcrumb\":{\"@id\":\"https:\/\/nordic.hr\/fasadni-trapezni-lim-t40\/#breadcrumb\"},\"inLanguage\":\"de\",\"potentialAction\":[{\"@type\":\"ReadAction\",\"target\":[\"https:\/\/nordic.hr\/fasadni-trapezni-lim-t40\/\"]}]},{\"@type\":\"BreadcrumbList\",\"@id\":\"https:\/\/nordic.hr\/fasadni-trapezni-lim-t40\/#breadcrumb\",\"itemListElement\":[{\"@type\":\"ListItem\",\"position\":1,\"name\":\"Po\u010detna stranica\",\"item\":\"https:\/\/nordic.hr\/naslovna\/\"},{\"@type\":\"ListItem\",\"position\":2,\"name\":\"Fasadni trapezni lim T40\"}]},{\"@type\":\"WebSite\",\"@id\":\"https:\/\/nordic.hr\/#website\",\"url\":\"https:\/\/nordic.hr\/\",\"name\":\"Nordic\",\"description\":\"\",\"publisher\":{\"@id\":\"https:\/\/nordic.hr\/#organization\"},\"potentialAction\":[{\"@type\":\"SearchAction\",\"target\":{\"@type\":\"EntryPoint\",\"urlTemplate\":\"https:\/\/nordic.hr\/?s={search_term_string}\"},\"query-input\":{\"@type\":\"PropertyValueSpecification\",\"valueRequired\":true,\"valueName\":\"search_term_string\"}}],\"inLanguage\":\"de\"},{\"@type\":\"Organization\",\"@id\":\"https:\/\/nordic.hr\/#organization\",\"name\":\"Nordic\",\"url\":\"https:\/\/nordic.hr\/\",\"logo\":{\"@type\":\"ImageObject\",\"inLanguage\":\"de\",\"@id\":\"https:\/\/nordic.hr\/#\/schema\/logo\/image\/\",\"url\":\"https:\/\/nordic.hr\/wp-content\/uploads\/2024\/01\/Logo-2024.png\",\"contentUrl\":\"https:\/\/nordic.hr\/wp-content\/uploads\/2024\/01\/Logo-2024.png\",\"width\":1101,\"height\":285,\"caption\":\"Nordic\"},\"image\":{\"@id\":\"https:\/\/nordic.hr\/#\/schema\/logo\/image\/\"}}]}<\/script>\n<!-- \/ Yoast SEO plugin. -->","yoast_head_json":{"title":"Fasadni trapezni lim T40 - Nordic","robots":{"index":"index","follow":"follow","max-snippet":"max-snippet:-1","max-image-preview":"max-image-preview:large","max-video-preview":"max-video-preview:-1"},"canonical":"https:\/\/nordic.hr\/de\/fasadni-trapezni-lim-t40\/","og_locale":"de_DE","og_type":"article","og_title":"Fasadni trapezni lim T40 - Nordic","og_description":"Informacije Pokrovni trapezni lim, visine vala 40 milimetara, \u010desto kori\u0161ten za pokrov industrijskih objekata, ali i privatnih ku\u0107a. Izuzetno je cijenjen od strane arhitekata zahvaljuju\u0107i svojim dobrim tehni\u010dkim karakteristikama kao \u0161to su trajnost i dobra nosivost. Uz plo\u010de su dostupni prate\u0107a uvjerenja, tablice nosivosti, kao i garancije. Tehni\u010dki crte\u017e Po\u0161aljite upit Tehni\u010dki crte\u017e Po\u0161aljite upit","og_url":"https:\/\/nordic.hr\/de\/fasadni-trapezni-lim-t40\/","og_site_name":"Nordic","article_modified_time":"2024-07-03T14:43:49+00:00","twitter_card":"summary_large_image","twitter_misc":{"Gesch\u00e4tzte Lesezeit":"1\u00a0Minute"},"schema":{"@context":"https:\/\/schema.org","@graph":[{"@type":"WebPage","@id":"https:\/\/nordic.hr\/fasadni-trapezni-lim-t40\/","url":"https:\/\/nordic.hr\/fasadni-trapezni-lim-t40\/","name":"Fasadni trapezni lim T40 - Nordic","isPartOf":{"@id":"https:\/\/nordic.hr\/#website"},"datePublished":"2024-01-30T13:42:00+00:00","dateModified":"2024-07-03T14:43:49+00:00","breadcrumb":{"@id":"https:\/\/nordic.hr\/fasadni-trapezni-lim-t40\/#breadcrumb"},"inLanguage":"de","potentialAction":[{"@type":"ReadAction","target":["https:\/\/nordic.hr\/fasadni-trapezni-lim-t40\/"]}]},{"@type":"BreadcrumbList","@id":"https:\/\/nordic.hr\/fasadni-trapezni-lim-t40\/#breadcrumb","itemListElement":[{"@type":"ListItem","position":1,"name":"Po\u010detna stranica","item":"https:\/\/nordic.hr\/naslovna\/"},{"@type":"ListItem","position":2,"name":"Fasadni trapezni lim T40"}]},{"@type":"WebSite","@id":"https:\/\/nordic.hr\/#website","url":"https:\/\/nordic.hr\/","name":"Nordic","description":"","publisher":{"@id":"https:\/\/nordic.hr\/#organization"},"potentialAction":[{"@type":"SearchAction","target":{"@type":"EntryPoint","urlTemplate":"https:\/\/nordic.hr\/?s={search_term_string}"},"query-input":{"@type":"PropertyValueSpecification","valueRequired":true,"valueName":"search_term_string"}}],"inLanguage":"de"},{"@type":"Organization","@id":"https:\/\/nordic.hr\/#organization","name":"Nordic","url":"https:\/\/nordic.hr\/","logo":{"@type":"ImageObject","inLanguage":"de","@id":"https:\/\/nordic.hr\/#\/schema\/logo\/image\/","url":"https:\/\/nordic.hr\/wp-content\/uploads\/2024\/01\/Logo-2024.png","contentUrl":"https:\/\/nordic.hr\/wp-content\/uploads\/2024\/01\/Logo-2024.png","width":1101,"height":285,"caption":"Nordic"},"image":{"@id":"https:\/\/nordic.hr\/#\/schema\/logo\/image\/"}}]}},"jetpack_sharing_enabled":true,"_links":{"self":[{"href":"https:\/\/nordic.hr\/de\/wp-json\/wp\/v2\/pages\/477"}],"collection":[{"href":"https:\/\/nordic.hr\/de\/wp-json\/wp\/v2\/pages"}],"about":[{"href":"https:\/\/nordic.hr\/de\/wp-json\/wp\/v2\/types\/page"}],"author":[{"embeddable":true,"href":"https:\/\/nordic.hr\/de\/wp-json\/wp\/v2\/users\/1"}],"replies":[{"embeddable":true,"href":"https:\/\/nordic.hr\/de\/wp-json\/wp\/v2\/comments?post=477"}],"version-history":[{"count":7,"href":"https:\/\/nordic.hr\/de\/wp-json\/wp\/v2\/pages\/477\/revisions"}],"predecessor-version":[{"id":1839,"href":"https:\/\/nordic.hr\/de\/wp-json\/wp\/v2\/pages\/477\/revisions\/1839"}],"wp:attachment":[{"href":"https:\/\/nordic.hr\/de\/wp-json\/wp\/v2\/media?parent=477"}],"curies":[{"name":"wp","href":"https:\/\/api.w.org\/{rel}","templated":true}]}}