{"id":3,"date":"2020-12-30T12:24:30","date_gmt":"2020-12-30T11:24:30","guid":{"rendered":"https:\/\/nordic.hr\/?page_id=3"},"modified":"2024-07-03T16:43:50","modified_gmt":"2024-07-03T14:43:50","slug":"pravila-privatnosti","status":"publish","type":"page","link":"https:\/\/nordic.hr\/de\/pravila-privatnosti\/","title":{"rendered":"Datenschutzerkl\u00e4rung"},"content":{"rendered":"<div data-elementor-type=\"wp-page\" data-elementor-id=\"3\" class=\"elementor elementor-3\" data-elementor-post-type=\"page\">\n\t\t\t\t\t\t<section class=\"elementor-section elementor-top-section elementor-element elementor-element-2b95fd36 elementor-section-boxed elementor-section-height-default elementor-section-height-default\" data-id=\"2b95fd36\" data-element_type=\"section\">\n\t\t\t\t\t\t<div class=\"elementor-container elementor-column-gap-default\">\n\t\t\t\t\t<div class=\"elementor-column elementor-col-100 elementor-top-column elementor-element elementor-element-543b1424\" data-id=\"543b1424\" data-element_type=\"column\">\n\t\t\t<div class=\"elementor-widget-wrap elementor-element-populated\">\n\t\t\t\t\t\t<div class=\"elementor-element elementor-element-54952a96 elementor-widget elementor-widget-heading\" data-id=\"54952a96\" data-element_type=\"widget\" data-widget_type=\"heading.default\">\n\t\t\t\t<div class=\"elementor-widget-container\">\n\t\t\t<h2 class=\"elementor-heading-title elementor-size-default\">Datenschutzerkl\u00e4rung<\/h2>\t\t<\/div>\n\t\t\t\t<\/div>\n\t\t\t\t<div class=\"elementor-element elementor-element-68d1704a elementor-widget elementor-widget-text-editor\" data-id=\"68d1704a\" data-element_type=\"widget\" data-widget_type=\"text-editor.default\">\n\t\t\t\t<div class=\"elementor-widget-container\">\n\t\t\t\t\t\t\t<p><strong>ZU ERHEBENDE INFORMATIONEN<\/strong><br \/>Der Zugang zur nordic.hr-Website ist kostenlos und eine Registrierung ist nicht erforderlich. Durch die Kontaktaufnahme \u00fcber Kontaktformulare oder per E-Mail geben Sie Ihre Daten ein. Diese Daten sind nur auf nordic.hr verf\u00fcgbar, an die sie zum Zwecke der L\u00f6sung Ihrer Anfrage gerichtet sind. Die Angabe Ihrer pers\u00f6nlichen Daten ist freiwillig. Wir verarbeiten nicht mehr personenbezogene Daten, als f\u00fcr die Beantwortung Ihrer Anfrage wirklich erforderlich sind.<\/p><p><strong>SCHUTZ IHRER PERSONENBEZOGENEN DATEN<\/strong><br \/>Nordic.hr respektiert Ihre Privatsph\u00e4re und verarbeitet Ihre personenbezogenen Daten fair und rechtm\u00e4\u00dfig. Wir speichern Ihre personenbezogenen Daten in elektronischer Form und wenden zu Schutzzwecken geeignete technische und organisatorische Ma\u00dfnahmen zum Schutz personenbezogener Daten und Verfahren an, um den unbefugten Zugriff auf personenbezogene Daten zu verhindern.<\/p><p><strong>COOKIES<\/strong><br \/>Die Website www.nordic.hr verwendet sogenannte Cookies (Cookies). \u201eCookies\u201c), um dem Nutzer einen Dienst mit voller Funktionalit\u00e4t und h\u00f6chster Inhaltsqualit\u00e4t zur Verf\u00fcgung stellen zu k\u00f6nnen. Cookies sind eine Reihe von Daten, die vom Server der Website erzeugt und vom Webbrowser auf der Festplatte des Benutzers in Form einer kleinen Textdatei gespeichert werden. Wir sind st\u00e4ndig bem\u00fcht, unseren Nutzern die bestm\u00f6gliche Nutzererfahrung zu bieten, daher ist zu beachten, dass unsere Websites nur dann optimal funktionieren, wenn Cookies aktiviert sind. Um Cookies in \u00dcbereinstimmung mit dem Gesetz \u00fcber die elektronische Kommunikation, dem Gesetz zum Schutz personenbezogener Daten und den EU-Richtlinien zu verwenden, ben\u00f6tigen wir Ihre Zustimmung. Durch die Nutzung dieser Website erkl\u00e4ren Sie sich mit der Verwendung von Cookies einverstanden. Durch das Blockieren von Cookies k\u00f6nnen Sie immer noch auf der Website surfen, aber einige ihrer Funktionen stehen Ihnen nicht zur Verf\u00fcgung.<\/p><p><strong>GEB\u00c4UDE INHALTE MIT ANDEREN WEBSITES<\/strong><br \/>Artikel auf dieser Website k\u00f6nnen eingebettete Inhalte (z.B. Videos, Bilder, Artikel, etc.) enthalten. Eingebettete Inhalte von anderen Websites verhalten sich genauso, als h\u00e4tte der Besucher diese andere Website besucht.<\/p><p><strong>SCHUTZMASSNAHMEN<\/strong><br \/>Nordic.hr verwendet technische und Sicherheitsma\u00dfnahmen, Regeln und andere Verfahren, um die pers\u00f6nlichen Daten der Benutzer dieser Website vor unbefugtem Zugriff, Missbrauch, Offenlegung, Verlust oder Zerst\u00f6rung zu sch\u00fctzen. Um die Vertraulichkeit von Informationen \u00fcber Benutzer der Website zu sch\u00fctzen, verwenden wir branchen\u00fcbliche Sicherheitsma\u00dfnahmen wie Firewall- und Passwortschutz. Der Nutzer ist jedoch verpflichtet, daf\u00fcr zu sorgen, dass der von ihm verwendete Computer auch vor b\u00f6sartiger Software wie Trojanern, Computerviren und W\u00fcrmern sicher und gesch\u00fctzt ist. Der Benutzer der Website ist sich bewusst, dass ohne angemessene Sicherheitsma\u00dfnahmen (z.B. sichere Konfiguration des Internetbrowsers, aktualisierte Antivirenprogramme, pers\u00f6nliche Firewall-Programme, Nichtverwendung von Programmen aus verd\u00e4chtigen Quellen) das Risiko besteht, dass die Daten und Passw\u00f6rter, die verwendet werden, um den Zugriff auf personenbezogene Daten zu verhindern, an unbefugte Dritte weitergegeben werden k\u00f6nnen.<\/p><p><strong>STATISTIKEN DES UNTERNEHMENS<\/strong><br \/>Diese Website verwendet ein Jetpack-Plugin zur Messung der Besucherstatistik.<\/p><p><strong>BESCHR\u00c4NKUNG DER VERANTWORTUNG<\/strong><br \/>Obwohl wir verf\u00fcgbare technische und organisatorische Ma\u00dfnahmen ergreifen, um eine unbefugte Offenlegung Ihrer personenbezogenen Daten zu verhindern, k\u00f6nnen wir nicht garantieren, dass einige der von uns erfassten personenbezogenen Daten entgegen den Bestimmungen dieser Datenschutzrichtlinie niemals versehentlich offengelegt werden. Soweit gesetzlich zul\u00e4ssig, schlie\u00dfen wir die Haftung f\u00fcr Sch\u00e4den aus, die Nutzern oder Dritten durch versehentliche Weitergabe personenbezogener Daten entstehen.<\/p>\t\t\t\t\t\t<\/div>\n\t\t\t\t<\/div>\n\t\t\t\t\t<\/div>\n\t\t<\/div>\n\t\t\t\t\t<\/div>\n\t\t<\/section>\n\t\t\t\t<\/div>","protected":false},"excerpt":{"rendered":"<p>Der Zugriff auf die Website nordic.hr ist kostenlos und eine Registrierung ist nicht erforderlich. Durch die Kontaktaufnahme \u00fcber Kontaktformulare oder per E-Mail geben Sie Ihre Daten ein. Diese Daten sind nur auf nordic.hr verf\u00fcgbar, an die sie zum Zwecke der L\u00f6sung Ihrer Anfrage gerichtet sind. Die Angabe Ihrer pers\u00f6nlichen Daten ist freiwillig. Wir verarbeiten nicht mehr personenbezogene Daten, als wirklich notwendig [...]<\/p>","protected":false},"author":1,"featured_media":0,"parent":0,"menu_order":0,"comment_status":"closed","ping_status":"closed","template":"elementor_header_footer","meta":{"footnotes":""},"yoast_head":"<!-- This site is optimized with the Yoast SEO plugin v23.5 - https:\/\/yoast.com\/wordpress\/plugins\/seo\/ -->\n<title>Nordic - Pravila privatnosti<\/title>\n<meta name=\"robots\" content=\"index, follow, max-snippet:-1, max-image-preview:large, max-video-preview:-1\" \/>\n<link rel=\"canonical\" href=\"https:\/\/nordic.hr\/de\/pravila-privatnosti\/\" \/>\n<meta property=\"og:locale\" content=\"de_DE\" \/>\n<meta property=\"og:type\" content=\"article\" \/>\n<meta property=\"og:title\" content=\"Nordic - Pravila privatnosti\" \/>\n<meta property=\"og:description\" content=\"Pravila privatnosti PODACI KOJE PRIKUPLJAMOPristup web stranici nordic.hr je slobodan i ne tra\u017ei se registracija. Kontaktiranjem putem kontakt-obrazaca ili elektroni\u010dkom po\u0161tom ispunjavate svoje podatke. Ti su podaci dostupni isklju\u010divo stranici nordic.hr kojima su upu\u0107eni u svrhu rje\u0161avanja va\u0161eg upita. Davanje va\u0161ih osobnih podataka je dobrovoljno. Ne obra\u0111ujemo vi\u0161e osobnih podataka no \u0161to je doista potrebno [&hellip;]\" \/>\n<meta property=\"og:url\" content=\"https:\/\/nordic.hr\/de\/pravila-privatnosti\/\" \/>\n<meta property=\"og:site_name\" content=\"Nordic\" \/>\n<meta property=\"article:modified_time\" content=\"2024-07-03T14:43:50+00:00\" \/>\n<meta name=\"twitter:card\" content=\"summary_large_image\" \/>\n<meta name=\"twitter:label1\" content=\"Gesch\u00e4tzte Lesezeit\" \/>\n\t<meta name=\"twitter:data1\" content=\"6\u00a0Minuten\" \/>\n<script type=\"application\/ld+json\" class=\"yoast-schema-graph\">{\"@context\":\"https:\/\/schema.org\",\"@graph\":[{\"@type\":\"WebPage\",\"@id\":\"https:\/\/nordic.hr\/pravila-privatnosti\/\",\"url\":\"https:\/\/nordic.hr\/pravila-privatnosti\/\",\"name\":\"Nordic - Pravila privatnosti\",\"isPartOf\":{\"@id\":\"https:\/\/nordic.hr\/#website\"},\"datePublished\":\"2020-12-30T11:24:30+00:00\",\"dateModified\":\"2024-07-03T14:43:50+00:00\",\"breadcrumb\":{\"@id\":\"https:\/\/nordic.hr\/pravila-privatnosti\/#breadcrumb\"},\"inLanguage\":\"de\",\"potentialAction\":[{\"@type\":\"ReadAction\",\"target\":[\"https:\/\/nordic.hr\/pravila-privatnosti\/\"]}]},{\"@type\":\"BreadcrumbList\",\"@id\":\"https:\/\/nordic.hr\/pravila-privatnosti\/#breadcrumb\",\"itemListElement\":[{\"@type\":\"ListItem\",\"position\":1,\"name\":\"Po\u010detna stranica\",\"item\":\"https:\/\/nordic.hr\/naslovna\/\"},{\"@type\":\"ListItem\",\"position\":2,\"name\":\"Pravila privatnosti\"}]},{\"@type\":\"WebSite\",\"@id\":\"https:\/\/nordic.hr\/#website\",\"url\":\"https:\/\/nordic.hr\/\",\"name\":\"Nordic\",\"description\":\"\",\"publisher\":{\"@id\":\"https:\/\/nordic.hr\/#organization\"},\"potentialAction\":[{\"@type\":\"SearchAction\",\"target\":{\"@type\":\"EntryPoint\",\"urlTemplate\":\"https:\/\/nordic.hr\/?s={search_term_string}\"},\"query-input\":{\"@type\":\"PropertyValueSpecification\",\"valueRequired\":true,\"valueName\":\"search_term_string\"}}],\"inLanguage\":\"de\"},{\"@type\":\"Organization\",\"@id\":\"https:\/\/nordic.hr\/#organization\",\"name\":\"Nordic\",\"url\":\"https:\/\/nordic.hr\/\",\"logo\":{\"@type\":\"ImageObject\",\"inLanguage\":\"de\",\"@id\":\"https:\/\/nordic.hr\/#\/schema\/logo\/image\/\",\"url\":\"https:\/\/nordic.hr\/wp-content\/uploads\/2024\/01\/Logo-2024.png\",\"contentUrl\":\"https:\/\/nordic.hr\/wp-content\/uploads\/2024\/01\/Logo-2024.png\",\"width\":1101,\"height\":285,\"caption\":\"Nordic\"},\"image\":{\"@id\":\"https:\/\/nordic.hr\/#\/schema\/logo\/image\/\"}}]}<\/script>\n<!-- \/ Yoast SEO plugin. -->","yoast_head_json":{"title":"Nordic - Pravila privatnosti","robots":{"index":"index","follow":"follow","max-snippet":"max-snippet:-1","max-image-preview":"max-image-preview:large","max-video-preview":"max-video-preview:-1"},"canonical":"https:\/\/nordic.hr\/de\/pravila-privatnosti\/","og_locale":"de_DE","og_type":"article","og_title":"Nordic - Pravila privatnosti","og_description":"Pravila privatnosti PODACI KOJE PRIKUPLJAMOPristup web stranici nordic.hr je slobodan i ne tra\u017ei se registracija. Kontaktiranjem putem kontakt-obrazaca ili elektroni\u010dkom po\u0161tom ispunjavate svoje podatke. Ti su podaci dostupni isklju\u010divo stranici nordic.hr kojima su upu\u0107eni u svrhu rje\u0161avanja va\u0161eg upita. Davanje va\u0161ih osobnih podataka je dobrovoljno. Ne obra\u0111ujemo vi\u0161e osobnih podataka no \u0161to je doista potrebno [&hellip;]","og_url":"https:\/\/nordic.hr\/de\/pravila-privatnosti\/","og_site_name":"Nordic","article_modified_time":"2024-07-03T14:43:50+00:00","twitter_card":"summary_large_image","twitter_misc":{"Gesch\u00e4tzte Lesezeit":"6\u00a0Minuten"},"schema":{"@context":"https:\/\/schema.org","@graph":[{"@type":"WebPage","@id":"https:\/\/nordic.hr\/pravila-privatnosti\/","url":"https:\/\/nordic.hr\/pravila-privatnosti\/","name":"Nordic - Pravila privatnosti","isPartOf":{"@id":"https:\/\/nordic.hr\/#website"},"datePublished":"2020-12-30T11:24:30+00:00","dateModified":"2024-07-03T14:43:50+00:00","breadcrumb":{"@id":"https:\/\/nordic.hr\/pravila-privatnosti\/#breadcrumb"},"inLanguage":"de","potentialAction":[{"@type":"ReadAction","target":["https:\/\/nordic.hr\/pravila-privatnosti\/"]}]},{"@type":"BreadcrumbList","@id":"https:\/\/nordic.hr\/pravila-privatnosti\/#breadcrumb","itemListElement":[{"@type":"ListItem","position":1,"name":"Po\u010detna stranica","item":"https:\/\/nordic.hr\/naslovna\/"},{"@type":"ListItem","position":2,"name":"Pravila privatnosti"}]},{"@type":"WebSite","@id":"https:\/\/nordic.hr\/#website","url":"https:\/\/nordic.hr\/","name":"Nordic","description":"","publisher":{"@id":"https:\/\/nordic.hr\/#organization"},"potentialAction":[{"@type":"SearchAction","target":{"@type":"EntryPoint","urlTemplate":"https:\/\/nordic.hr\/?s={search_term_string}"},"query-input":{"@type":"PropertyValueSpecification","valueRequired":true,"valueName":"search_term_string"}}],"inLanguage":"de"},{"@type":"Organization","@id":"https:\/\/nordic.hr\/#organization","name":"Nordic","url":"https:\/\/nordic.hr\/","logo":{"@type":"ImageObject","inLanguage":"de","@id":"https:\/\/nordic.hr\/#\/schema\/logo\/image\/","url":"https:\/\/nordic.hr\/wp-content\/uploads\/2024\/01\/Logo-2024.png","contentUrl":"https:\/\/nordic.hr\/wp-content\/uploads\/2024\/01\/Logo-2024.png","width":1101,"height":285,"caption":"Nordic"},"image":{"@id":"https:\/\/nordic.hr\/#\/schema\/logo\/image\/"}}]}},"jetpack_sharing_enabled":true,"_links":{"self":[{"href":"https:\/\/nordic.hr\/de\/wp-json\/wp\/v2\/pages\/3"}],"collection":[{"href":"https:\/\/nordic.hr\/de\/wp-json\/wp\/v2\/pages"}],"about":[{"href":"https:\/\/nordic.hr\/de\/wp-json\/wp\/v2\/types\/page"}],"author":[{"embeddable":true,"href":"https:\/\/nordic.hr\/de\/wp-json\/wp\/v2\/users\/1"}],"replies":[{"embeddable":true,"href":"https:\/\/nordic.hr\/de\/wp-json\/wp\/v2\/comments?post=3"}],"version-history":[{"count":14,"href":"https:\/\/nordic.hr\/de\/wp-json\/wp\/v2\/pages\/3\/revisions"}],"predecessor-version":[{"id":1462,"href":"https:\/\/nordic.hr\/de\/wp-json\/wp\/v2\/pages\/3\/revisions\/1462"}],"wp:attachment":[{"href":"https:\/\/nordic.hr\/de\/wp-json\/wp\/v2\/media?parent=3"}],"curies":[{"name":"wp","href":"https:\/\/api.w.org\/{rel}","templated":true}]}}